{"id":958,"date":"2020-06-09T13:14:13","date_gmt":"2020-06-09T11:14:13","guid":{"rendered":"https:\/\/betty-bbq.com\/cms\/?post_type=product&#038;p=958"},"modified":"2024-02-23T15:18:10","modified_gmt":"2024-02-23T14:18:10","slug":"fotodruck-freiburg-ist-leise-din-a3-350-mg-matt-kopie","status":"publish","type":"product","link":"https:\/\/betty-bbq.com\/cms\/he\/produkt\/fotodruck-freiburg-ist-leise-din-a3-350-mg-matt-kopie\/","title":{"rendered":"Fotodruck: \u201eFreiburg ist leise\u201c, DIN A3, 350 mg, matt"},"content":{"rendered":"<p><strong>Fotodruck zum Sammeln, Einrahmen und Verschenken.<\/strong><\/p>\n<p><strong>Zum Bild:<\/strong><\/p>\n<p>Beeindruckt durch die Auswirkungen der Coronavirus-Krise des Jahres 2020 &#8211; und insbesondere durch den staatlich verordneten &#8220;Shutdown&#8221; des gesellschaftlichen Lebens &#8211; schaffte die K\u00fcnstlerin Silke Gerfen das Bild &#8220;Freiburg ist leise&#8221; im Juni 2020 (hier: Fotodruck, DIN A3, 350 mg, matt, beidseitig bedruckt). Das Bild ist hierbei ein Musterst\u00fcck f\u00fcr Gerfens Werke und Wirken: Kubistische Formen, verhaltene Farbauswahl, nachdenkliche &#8220;T\u00f6ne&#8221; in einem Bild. Silke Gerfen ben\u00f6tigt kein gesprochenes Wort: Sie spricht zu uns durch Ihre einzigartigen Werke.\u00a0 In den Mittelpunkt dieses Bildes stellt Sie eine nachdenkliche Betty BBQ &#8211; vor einer Kulisse Freiburger Architekturkennzeichen, unter anderem das Freiburger Schwabentor.<\/p>\n<p>Dieses Produkt k\u00f6nnen Sie als Fotodruck exklusiv in unserem Webshop erwerben. Original: Acryl auf Leinwand, 50&#215;70 cm.<\/p>\n<p>&nbsp;<\/p>\n<p><strong>Zur K\u00fcnstlerin Silke Gerfen:<\/strong><\/p>\n<p>Der Mensch und das Zwischenmenschliche ist \u00fcberwiegend das Thema der Malerei von Silke Gerfen. Dabei geht es ihr nicht um eine realistische Darstellung sondern um das Spiel mit Formen und Fl\u00e4chen. Die Vorliebe zur Geometrie und zum Kubismus ist in den Arbeiten der ausgebildeten Textilveredlerin deutlich zu sehen.<\/p>\n<p>Silke Gerfen zerlegt ihre Motive in geometrische Formen, bildet Fl\u00e4chen, die sie verschiebt, aufl\u00f6st und in unterschiedlichsten Mustern und Strukturen ausarbeitet. Sie hebt die Realit\u00e4t auf, l\u00e4sst \u00d6ffnungen und durchbricht Grenzen. Die Farbgebung bleibt dabei oft monochrom,\u00a0Farbe\u00a0spielt eine eher untergeordnete Rolle.<\/p>\n<p>Angeregt durch die Ausschreibung des Heise-Kunstpreis zum Thema \u201eHeimat\u201c besch\u00e4ftigt sich Silke Gerfen auch vermehrt mit dem Schwarzwald und ihrer Herkunft. Dabei bietet der im Glottertal aufgewachsenen K\u00fcnstlerin nicht nur der Bollenhut kreatives Potential.<\/p>\n<p>2013 wurde sie f\u00fcr den HEISE-Kunstpreis nominiert. Ihre Arbeiten sind bei jurierten Ausstellungen im In-und Ausland zu sehen, wie zum Beispiel bei der ARTS19 in Paris, der ART Innsbruck oder wie zuletzt im Rahmen eines K\u00fcnstleraustauschs im ARTMuseum in Sotschi oder mit dem Kunstverein KOSMOS Schwarzwald im Museum Hasemann-Liebich in Gutach.<\/p>\n<p>Silke Gerfen ist freischaffend t\u00e4tig und lebt mit ihrer Familie in Freiburg.<\/p>\n<p>Sie ist Mitglied\u00a0von KOSMOS Schwarzwald und der K\u00fcnstlergruppe ZINNOBER.<\/p>\n","protected":false},"excerpt":{"rendered":"<p>Fotodruck des Bildes \u201eFreiburg ist leise\u201c (DIN A3, 350 mg, matt, beidseitig bedruckt) der K\u00fcnstlerin Silke Gerfen. Beeindruckt durch die Auswirkungen der Coronavirus-Krise des Jahres 2020 &#8211; und insbesondere durch den staatlich verordneten &#8220;Shutdown&#8221; des gesellschaftlichen Lebens &#8211; schaffte die K\u00fcnstlerin Silke Gerfen das Bild &#8220;Freiburg ist leise&#8221; im Juni 2020. In den Mittelpunkt dieses Bildes stellt Sie eine nachdenkliche Betty BBQ &#8211; vor einer Kulisse Freiburger Architekturkennzeichen, unter anderem das Freiburger Schwabentor. Original: Acryl auf Leinwand, 50&#215;70 cm.<\/p>\n","protected":false},"featured_media":959,"comment_status":"open","ping_status":"closed","template":"","meta":[],"product_brand":[],"product_cat":[37,38],"product_tag":[],"class_list":{"0":"post-958","1":"product","2":"type-product","3":"status-publish","4":"has-post-thumbnail","6":"product_cat-bilder-und-zeichnungen","7":"product_cat-kuenstlerin-silke-gerfen","8":"product_shipping_class-grossware","9":"entry","10":"has-media","12":"first","13":"instock","14":"taxable","15":"shipping-taxable","16":"purchasable","17":"product-type-simple","18":"col","19":"wpex-woo-entry","20":"span_1_of_4"},"yoast_head":"<!-- This site is optimized with the Yoast SEO plugin v27.3 - https:\/\/yoast.com\/product\/yoast-seo-wordpress\/ -->\n<title>Fotodruck: \u201eFreiburg ist leise\u201c, DIN A3, 350 mg, matt - Betty BBQ<\/title>\n<meta name=\"robots\" content=\"noindex, follow\" \/>\n<meta property=\"og:locale\" content=\"he_IL\" \/>\n<meta property=\"og:type\" content=\"article\" \/>\n<meta property=\"og:title\" content=\"Fotodruck: \u201eFreiburg ist leise\u201c, DIN A3, 350 mg, matt - Betty BBQ\" \/>\n<meta property=\"og:description\" content=\"Fotodruck des Bildes \u201eFreiburg ist leise\u201c (DIN A3, 350 mg, matt, beidseitig bedruckt) der K\u00fcnstlerin Silke Gerfen. Beeindruckt durch die Auswirkungen der Coronavirus-Krise des Jahres 2020 - und insbesondere durch den staatlich verordneten &quot;Shutdown&quot; des gesellschaftlichen Lebens - schaffte die K\u00fcnstlerin Silke Gerfen das Bild &quot;Freiburg ist leise&quot; im Juni 2020. In den Mittelpunkt dieses Bildes stellt Sie eine nachdenkliche Betty BBQ - vor einer Kulisse Freiburger Architekturkennzeichen, unter anderem das Freiburger Schwabentor. Original: Acryl auf Leinwand, 50x70 cm.\" \/>\n<meta property=\"og:url\" content=\"https:\/\/betty-bbq.com\/cms\/he\/produkt\/fotodruck-freiburg-ist-leise-din-a3-350-mg-matt-kopie\/\" \/>\n<meta property=\"og:site_name\" content=\"Betty BBQ\" \/>\n<meta property=\"article:modified_time\" content=\"2024-02-23T14:18:10+00:00\" \/>\n<meta property=\"og:image\" content=\"https:\/\/betty-bbq.com\/cms\/wp-content\/uploads\/2020\/06\/Freiburg-ist-leise-Silke-Gerfen.jpg\" \/>\n\t<meta property=\"og:image:width\" content=\"703\" \/>\n\t<meta property=\"og:image:height\" content=\"1000\" \/>\n\t<meta property=\"og:image:type\" content=\"image\/jpeg\" \/>\n<meta name=\"twitter:card\" content=\"summary_large_image\" \/>\n<meta name=\"twitter:label1\" content=\"\u05d6\u05de\u05df \u05e7\u05e8\u05d9\u05d0\u05d4 \u05de\u05d5\u05e2\u05e8\u05da\" \/>\n\t<meta name=\"twitter:data1\" content=\"3 \u05d3\u05e7\u05d5\u05ea\" \/>\n<script type=\"application\/ld+json\" class=\"yoast-schema-graph\">{\"@context\":\"https:\\\/\\\/schema.org\",\"@graph\":[{\"@type\":\"WebPage\",\"@id\":\"https:\\\/\\\/betty-bbq.com\\\/cms\\\/he\\\/produkt\\\/fotodruck-freiburg-ist-leise-din-a3-350-mg-matt-kopie\\\/\",\"url\":\"https:\\\/\\\/betty-bbq.com\\\/cms\\\/he\\\/produkt\\\/fotodruck-freiburg-ist-leise-din-a3-350-mg-matt-kopie\\\/\",\"name\":\"Fotodruck: \u201eFreiburg ist leise\u201c, DIN A3, 350 mg, matt - Betty BBQ\",\"isPartOf\":{\"@id\":\"https:\\\/\\\/betty-bbq.com\\\/cms\\\/he\\\/#website\"},\"primaryImageOfPage\":{\"@id\":\"https:\\\/\\\/betty-bbq.com\\\/cms\\\/he\\\/produkt\\\/fotodruck-freiburg-ist-leise-din-a3-350-mg-matt-kopie\\\/#primaryimage\"},\"image\":{\"@id\":\"https:\\\/\\\/betty-bbq.com\\\/cms\\\/he\\\/produkt\\\/fotodruck-freiburg-ist-leise-din-a3-350-mg-matt-kopie\\\/#primaryimage\"},\"thumbnailUrl\":\"https:\\\/\\\/betty-bbq.com\\\/cms\\\/wp-content\\\/uploads\\\/2020\\\/06\\\/Freiburg-ist-leise-Silke-Gerfen.jpg\",\"datePublished\":\"2020-06-09T11:14:13+00:00\",\"dateModified\":\"2024-02-23T14:18:10+00:00\",\"breadcrumb\":{\"@id\":\"https:\\\/\\\/betty-bbq.com\\\/cms\\\/he\\\/produkt\\\/fotodruck-freiburg-ist-leise-din-a3-350-mg-matt-kopie\\\/#breadcrumb\"},\"inLanguage\":\"he-IL\",\"potentialAction\":[{\"@type\":\"ReadAction\",\"target\":[\"https:\\\/\\\/betty-bbq.com\\\/cms\\\/he\\\/produkt\\\/fotodruck-freiburg-ist-leise-din-a3-350-mg-matt-kopie\\\/\"]}]},{\"@type\":\"ImageObject\",\"inLanguage\":\"he-IL\",\"@id\":\"https:\\\/\\\/betty-bbq.com\\\/cms\\\/he\\\/produkt\\\/fotodruck-freiburg-ist-leise-din-a3-350-mg-matt-kopie\\\/#primaryimage\",\"url\":\"https:\\\/\\\/betty-bbq.com\\\/cms\\\/wp-content\\\/uploads\\\/2020\\\/06\\\/Freiburg-ist-leise-Silke-Gerfen.jpg\",\"contentUrl\":\"https:\\\/\\\/betty-bbq.com\\\/cms\\\/wp-content\\\/uploads\\\/2020\\\/06\\\/Freiburg-ist-leise-Silke-Gerfen.jpg\",\"width\":703,\"height\":1000},{\"@type\":\"BreadcrumbList\",\"@id\":\"https:\\\/\\\/betty-bbq.com\\\/cms\\\/he\\\/produkt\\\/fotodruck-freiburg-ist-leise-din-a3-350-mg-matt-kopie\\\/#breadcrumb\",\"itemListElement\":[{\"@type\":\"ListItem\",\"position\":1,\"name\":\"Startseite\",\"item\":\"https:\\\/\\\/betty-bbq.com\\\/cms\\\/he\\\/\"},{\"@type\":\"ListItem\",\"position\":2,\"name\":\"Shop\",\"item\":\"https:\\\/\\\/betty-bbq.com\\\/cms\\\/shop\\\/\"},{\"@type\":\"ListItem\",\"position\":3,\"name\":\"Fotodruck: \u201eFreiburg ist leise\u201c, DIN A3, 350 mg, matt\"}]},{\"@type\":\"WebSite\",\"@id\":\"https:\\\/\\\/betty-bbq.com\\\/cms\\\/he\\\/#website\",\"url\":\"https:\\\/\\\/betty-bbq.com\\\/cms\\\/he\\\/\",\"name\":\"Fr\u00e4ulein Betty BBQ - Schwarzwald Drag Queen, Schorlek\u00f6nigin, Entertainerin\",\"description\":\"Betty BBQ Travestie &amp; Entertainment\",\"publisher\":{\"@id\":\"https:\\\/\\\/betty-bbq.com\\\/cms\\\/he\\\/#\\\/schema\\\/person\\\/6e6c45463a3cf44a5334be285fffb4b1\"},\"potentialAction\":[{\"@type\":\"SearchAction\",\"target\":{\"@type\":\"EntryPoint\",\"urlTemplate\":\"https:\\\/\\\/betty-bbq.com\\\/cms\\\/he\\\/?s={search_term_string}\"},\"query-input\":{\"@type\":\"PropertyValueSpecification\",\"valueRequired\":true,\"valueName\":\"search_term_string\"}}],\"inLanguage\":\"he-IL\"},{\"@type\":[\"Person\",\"Organization\"],\"@id\":\"https:\\\/\\\/betty-bbq.com\\\/cms\\\/he\\\/#\\\/schema\\\/person\\\/6e6c45463a3cf44a5334be285fffb4b1\",\"name\":\"Betty BBQ\",\"image\":{\"@type\":\"ImageObject\",\"inLanguage\":\"he-IL\",\"@id\":\"https:\\\/\\\/betty-bbq.com\\\/cms\\\/wp-content\\\/uploads\\\/2018\\\/10\\\/BettyBBQ-Logo.png\",\"url\":\"https:\\\/\\\/betty-bbq.com\\\/cms\\\/wp-content\\\/uploads\\\/2018\\\/10\\\/BettyBBQ-Logo.png\",\"contentUrl\":\"https:\\\/\\\/betty-bbq.com\\\/cms\\\/wp-content\\\/uploads\\\/2018\\\/10\\\/BettyBBQ-Logo.png\",\"width\":365,\"height\":365,\"caption\":\"Betty BBQ\"},\"logo\":{\"@id\":\"https:\\\/\\\/betty-bbq.com\\\/cms\\\/wp-content\\\/uploads\\\/2018\\\/10\\\/BettyBBQ-Logo.png\"},\"sameAs\":[\"http:\\\/\\\/www.betty-bbq.de\"]}]}<\/script>\n<!-- \/ Yoast SEO plugin. -->","yoast_head_json":{"title":"Fotodruck: \u201eFreiburg ist leise\u201c, DIN A3, 350 mg, matt - Betty BBQ","robots":{"index":"noindex","follow":"follow"},"og_locale":"he_IL","og_type":"article","og_title":"Fotodruck: \u201eFreiburg ist leise\u201c, DIN A3, 350 mg, matt - Betty BBQ","og_description":"Fotodruck des Bildes \u201eFreiburg ist leise\u201c (DIN A3, 350 mg, matt, beidseitig bedruckt) der K\u00fcnstlerin Silke Gerfen. Beeindruckt durch die Auswirkungen der Coronavirus-Krise des Jahres 2020 - und insbesondere durch den staatlich verordneten \"Shutdown\" des gesellschaftlichen Lebens - schaffte die K\u00fcnstlerin Silke Gerfen das Bild \"Freiburg ist leise\" im Juni 2020. In den Mittelpunkt dieses Bildes stellt Sie eine nachdenkliche Betty BBQ - vor einer Kulisse Freiburger Architekturkennzeichen, unter anderem das Freiburger Schwabentor. Original: Acryl auf Leinwand, 50x70 cm.","og_url":"https:\/\/betty-bbq.com\/cms\/he\/produkt\/fotodruck-freiburg-ist-leise-din-a3-350-mg-matt-kopie\/","og_site_name":"Betty BBQ","article_modified_time":"2024-02-23T14:18:10+00:00","og_image":[{"width":703,"height":1000,"url":"https:\/\/betty-bbq.com\/cms\/wp-content\/uploads\/2020\/06\/Freiburg-ist-leise-Silke-Gerfen.jpg","type":"image\/jpeg"}],"twitter_card":"summary_large_image","twitter_misc":{"\u05d6\u05de\u05df \u05e7\u05e8\u05d9\u05d0\u05d4 \u05de\u05d5\u05e2\u05e8\u05da":"3 \u05d3\u05e7\u05d5\u05ea"},"schema":{"@context":"https:\/\/schema.org","@graph":[{"@type":"WebPage","@id":"https:\/\/betty-bbq.com\/cms\/he\/produkt\/fotodruck-freiburg-ist-leise-din-a3-350-mg-matt-kopie\/","url":"https:\/\/betty-bbq.com\/cms\/he\/produkt\/fotodruck-freiburg-ist-leise-din-a3-350-mg-matt-kopie\/","name":"Fotodruck: \u201eFreiburg ist leise\u201c, DIN A3, 350 mg, matt - Betty BBQ","isPartOf":{"@id":"https:\/\/betty-bbq.com\/cms\/he\/#website"},"primaryImageOfPage":{"@id":"https:\/\/betty-bbq.com\/cms\/he\/produkt\/fotodruck-freiburg-ist-leise-din-a3-350-mg-matt-kopie\/#primaryimage"},"image":{"@id":"https:\/\/betty-bbq.com\/cms\/he\/produkt\/fotodruck-freiburg-ist-leise-din-a3-350-mg-matt-kopie\/#primaryimage"},"thumbnailUrl":"https:\/\/betty-bbq.com\/cms\/wp-content\/uploads\/2020\/06\/Freiburg-ist-leise-Silke-Gerfen.jpg","datePublished":"2020-06-09T11:14:13+00:00","dateModified":"2024-02-23T14:18:10+00:00","breadcrumb":{"@id":"https:\/\/betty-bbq.com\/cms\/he\/produkt\/fotodruck-freiburg-ist-leise-din-a3-350-mg-matt-kopie\/#breadcrumb"},"inLanguage":"he-IL","potentialAction":[{"@type":"ReadAction","target":["https:\/\/betty-bbq.com\/cms\/he\/produkt\/fotodruck-freiburg-ist-leise-din-a3-350-mg-matt-kopie\/"]}]},{"@type":"ImageObject","inLanguage":"he-IL","@id":"https:\/\/betty-bbq.com\/cms\/he\/produkt\/fotodruck-freiburg-ist-leise-din-a3-350-mg-matt-kopie\/#primaryimage","url":"https:\/\/betty-bbq.com\/cms\/wp-content\/uploads\/2020\/06\/Freiburg-ist-leise-Silke-Gerfen.jpg","contentUrl":"https:\/\/betty-bbq.com\/cms\/wp-content\/uploads\/2020\/06\/Freiburg-ist-leise-Silke-Gerfen.jpg","width":703,"height":1000},{"@type":"BreadcrumbList","@id":"https:\/\/betty-bbq.com\/cms\/he\/produkt\/fotodruck-freiburg-ist-leise-din-a3-350-mg-matt-kopie\/#breadcrumb","itemListElement":[{"@type":"ListItem","position":1,"name":"Startseite","item":"https:\/\/betty-bbq.com\/cms\/he\/"},{"@type":"ListItem","position":2,"name":"Shop","item":"https:\/\/betty-bbq.com\/cms\/shop\/"},{"@type":"ListItem","position":3,"name":"Fotodruck: \u201eFreiburg ist leise\u201c, DIN A3, 350 mg, matt"}]},{"@type":"WebSite","@id":"https:\/\/betty-bbq.com\/cms\/he\/#website","url":"https:\/\/betty-bbq.com\/cms\/he\/","name":"Fr\u00e4ulein Betty BBQ - Schwarzwald Drag Queen, Schorlek\u00f6nigin, Entertainerin","description":"Betty BBQ Travestie &amp; Entertainment","publisher":{"@id":"https:\/\/betty-bbq.com\/cms\/he\/#\/schema\/person\/6e6c45463a3cf44a5334be285fffb4b1"},"potentialAction":[{"@type":"SearchAction","target":{"@type":"EntryPoint","urlTemplate":"https:\/\/betty-bbq.com\/cms\/he\/?s={search_term_string}"},"query-input":{"@type":"PropertyValueSpecification","valueRequired":true,"valueName":"search_term_string"}}],"inLanguage":"he-IL"},{"@type":["Person","Organization"],"@id":"https:\/\/betty-bbq.com\/cms\/he\/#\/schema\/person\/6e6c45463a3cf44a5334be285fffb4b1","name":"Betty BBQ","image":{"@type":"ImageObject","inLanguage":"he-IL","@id":"https:\/\/betty-bbq.com\/cms\/wp-content\/uploads\/2018\/10\/BettyBBQ-Logo.png","url":"https:\/\/betty-bbq.com\/cms\/wp-content\/uploads\/2018\/10\/BettyBBQ-Logo.png","contentUrl":"https:\/\/betty-bbq.com\/cms\/wp-content\/uploads\/2018\/10\/BettyBBQ-Logo.png","width":365,"height":365,"caption":"Betty BBQ"},"logo":{"@id":"https:\/\/betty-bbq.com\/cms\/wp-content\/uploads\/2018\/10\/BettyBBQ-Logo.png"},"sameAs":["http:\/\/www.betty-bbq.de"]}]}},"jetpack_sharing_enabled":true,"_links":{"self":[{"href":"https:\/\/betty-bbq.com\/cms\/he\/wp-json\/wp\/v2\/product\/958","targetHints":{"allow":["GET"]}}],"collection":[{"href":"https:\/\/betty-bbq.com\/cms\/he\/wp-json\/wp\/v2\/product"}],"about":[{"href":"https:\/\/betty-bbq.com\/cms\/he\/wp-json\/wp\/v2\/types\/product"}],"replies":[{"embeddable":true,"href":"https:\/\/betty-bbq.com\/cms\/he\/wp-json\/wp\/v2\/comments?post=958"}],"wp:featuredmedia":[{"embeddable":true,"href":"https:\/\/betty-bbq.com\/cms\/he\/wp-json\/wp\/v2\/media\/959"}],"wp:attachment":[{"href":"https:\/\/betty-bbq.com\/cms\/he\/wp-json\/wp\/v2\/media?parent=958"}],"wp:term":[{"taxonomy":"product_brand","embeddable":true,"href":"https:\/\/betty-bbq.com\/cms\/he\/wp-json\/wp\/v2\/product_brand?post=958"},{"taxonomy":"product_cat","embeddable":true,"href":"https:\/\/betty-bbq.com\/cms\/he\/wp-json\/wp\/v2\/product_cat?post=958"},{"taxonomy":"product_tag","embeddable":true,"href":"https:\/\/betty-bbq.com\/cms\/he\/wp-json\/wp\/v2\/product_tag?post=958"}],"curies":[{"name":"wp","href":"https:\/\/api.w.org\/{rel}","templated":true}]}}