{"id":18,"date":"2018-10-30T10:59:40","date_gmt":"2018-10-30T09:59:40","guid":{"rendered":"https:\/\/betty-bbq.com\/cms\/?page_id=18"},"modified":"2025-06-26T23:33:04","modified_gmt":"2025-06-26T21:33:04","slug":"gruppen","status":"publish","type":"page","link":"https:\/\/betty-bbq.com\/cms\/gruppen\/","title":{"rendered":"Gruppen"},"content":{"rendered":"[vc_row][vc_column][vc_single_image image=&#8221;140&#8243; css_animation=&#8221;bounceInDown&#8221;][\/vc_column][\/vc_row][vc_row max_width=&#8221;50&#8243;][vc_column][vc_column_text]\n<h3>F\u00fcr Gruppenbesuche<\/h3>\n<p>Mit Eurem <strong>Junggesellinnenabschied oder Junggesellenabschied, Eurer Geburtstags- oder Scheidungsparty, Eurem Betriebsausflug und sonstigen Gruppen-Events\u00a0<\/strong>seid Ihr bei uns herzlich willkommen!<\/p>\n<p><strong>F\u00fcr Junggesellinnen- und Junggesellenabschiede<\/strong> <strong>empfehlen wir<\/strong> aus Erfahrung drei unserer City-Touren:\u00a0Die von Betty BBQ selbst gef\u00fchrte\u00a0 <a href=\"https:\/\/betty-bbq.com\/cms\/halloechen-halloechen-freiburg\/\">&#8220;Hall\u00f6chen, Hall\u00f6chen, Freiburg&#8221; Travestie City-Tour<\/a>\u00a0, die Comedy City-Tour &#8220;<a href=\"https:\/\/betty-bbq.com\/cms\/city-guide-touren\/freiburg-ist-fett-die-comedy-city-tour-mit-kerstin-luhr\/\">Betty BBQ pr\u00e4sentiert: Freiburg ist fett! \u2013 Die Comedy City-Tour mit Kerstin Luhr<\/a>&#8221; und die\u00a0von einem erfahrenen Kneipenguide gef\u00fchrte Kneipentour, unser <a href=\"https:\/\/betty-bbq.com\/cms\/pub-crawl\/\">Pub Crawl &#8220;Zick, Zack, Zwiebel, ab in Giebel!<\/a>&#8220;.<\/p>\n<p>F\u00fcr Junggesellinnen- und Junggesellenabschiede <strong>nicht zu empfehlen<\/strong> sind <a href=\"https:\/\/betty-bbq.com\/cms\/kaffeeklatsch-und-stadtgefluester\/\">die Kaffeklatsch-Tour \u201eKaffeefahrt per pedes\u201c<\/a> und <a href=\"https:\/\/betty-bbq.com\/cms\/rotlicht-city-tour\/\">die Rotlicht-City-Tour<\/a>, bei letzerer handelt es sich um eine <strong>HISTORISCHE STADTF\u00dcHRUNG<\/strong>. Der Betty BBQ Tourguide tritt hier als Erz\u00e4hler auf und pr\u00e4sentiert historische Fakten und Zusammenh\u00e4nge in Bezug auf Freiburgs Rotlicht-Vergangenheit auf spannende und unterhaltsame Weise.<\/p>\n<p><strong>F\u00fcr Betriebsfeiern und Geburtstagsausfl\u00fcge<\/strong> empfehlen wir immer auch gerne unsere historische<a href=\"https:\/\/betty-bbq.com\/cms\/rotlicht-city-tour\/\"> Rotlicht City-Tour,<\/a> gef\u00fchrt von einem Betty BBQ Guide.<\/p>\n<p>&nbsp;<\/p>\n<p><span style=\"color: #000000;\"><strong>Auf der Suche nach kreativen Geschenken? Da haben wir etwas!<\/strong><\/span><\/p>\n<p>Tolle und originelle Produkte aus dem Hause Betty BBQ k\u00f6nnen in unserem <a href=\"https:\/\/betty-bbq.com\/cms\/shop\/\">Webshop<\/a> online erworben werden. Schaut doch einmal <a href=\"https:\/\/betty-bbq.com\/cms\/shop\/\">hier vorbei<\/a>!<\/p>\n<p><span style=\"font-weight: 400;\">An ausgew\u00e4hlten Tagen (haupts\u00e4chlich in der Sommerzeit Freitag und Samstag nachmittags bei gutem Wetter) erfolgt auch vor Ort am <a href=\"https:\/\/goo.gl\/maps\/v5bz8H3DouxFLgZz6\" target=\"_blank\" rel=\"noopener noreferrer\">Betty BBQ Meeting Point (Franziskanerstra\u00dfe 11, 79098 Freiburg)<\/a> ein Verkauf von ausgew\u00e4hlten Betty BBQ-Produkten. Ebenso gibt es in der Regel nach den City-Touren mit Betty BBQ die M\u00f6glichkeit, ausgew\u00e4hlte Betty BBQ-Produkte direkt vor Ort k\u00e4uflich zu erwerben.<\/span>[\/vc_column_text][vc_single_image image=&#8221;343&#8243; css_animation=&#8221;flipInX&#8221; alignment=&#8221;center&#8221; img_hover=&#8221;shrink&#8221;][vc_column_text]\n<h3><strong>Exklusiv-\/Privat-Touren<\/strong><\/h3>\n<p>F\u00fcr Gruppenevents ab 8 Personen, wie z.B. Geburtstagsfeiern, betriebsausfl\u00fcgen, JGAs usw. empfehlen wir aus Erfahrung eine Exklusiv-\/Privat- Tour. Hierbei k\u00f6nnt ihr den Startzeitpunkt selbst w\u00e4hlen und seid stets unter euch in der Gruppe. Die exklusiven Touren starten sp\u00e4testens um 20 Uhr. Gerne vermitteln wir euch bei Buchung einer exklusiven City-\/Kneipen-Tour auch weitere Dienstleistungen, wie z.B. Fotograf, Stripper\/in und Fahrt in einer Party Stretch-Limousine.<\/p>\n<p><strong>Anfragen f\u00fcr Exklusiv-\/Privat-Touren (z.B. f\u00fcr JGAs, Betriebsfeiern, Gruppenausfl\u00fcge, Geburtstage uvm.)\u00a0<\/strong>k\u00f6nnt ihr unverbindlich \u00fcber den <a href=\"https:\/\/betty-bbq.com\/cms\/kontakt\/\" target=\"_blank\" rel=\"noopener noreferrer\">Kontakt an das Betty BBQ B\u00fcro<\/a> anfragen (bitte schreibt uns <strong>exakt<\/strong>, an welcher\/n Tour\/en Ihr Interesse habt, an welchem Tag und Datum, zu welchem Anlass und die Anzahl der Personen). Gerne unterbreiten wir euch sodann ein auf eure Bed\u00fcrfnisse angepasstest Angebot.<\/p>\n<p>&nbsp;<\/p>\n<p><strong>Wof\u00fcr auch immer Ihr Euch entscheidet: Unvergessliche Bilder und ein au\u00dfergew\u00f6hnliches Erlebnis sind inklusive.<\/strong><\/p>\n<p>Und nat\u00fcrlich k\u00f6nnt Ihr mit uns nicht nur Euren <strong>Junggesellinnenabschied<\/strong> oder <strong>Junggesellenabschied <\/strong>feiern, sondern genauso unvergessliche <strong>Geburtstagspartys, Jubil\u00e4en<\/strong> oder <strong>Scheidungspartys<\/strong>. Der Fantasie sind keine Grenzen gesetzt!<\/p>\n<p>Wir freuen uns auf euch.<\/p>\n<p>Bitte beachtet: Teilnahme bei allen unseren City-Touren erst ab 18 Jahren. Personen unter 18 Jahren k\u00f6nnen nicht teilnehmen, auch nicht in Begleitung von Erziehungspersonen oder Aufsichtspersonen.[\/vc_column_text][vc_empty_space height=&#8221;100&#8243;][\/vc_column][\/vc_row]\n","protected":false},"excerpt":{"rendered":"<p>[vc_row][vc_column][vc_single_image image=&#8221;140&#8243; css_animation=&#8221;bounceInDown&#8221;][\/vc_column][\/vc_row][vc_row max_width=&#8221;50&#8243;][vc_column][vc_column_text] F\u00fcr Gruppenbesuche Mit Eurem Junggesellinnenabschied oder Junggesellenabschied, Eurer Geburtstags- oder Scheidungsparty, Eurem Betriebsausflug und sonstigen Gruppen-Events\u00a0seid Ihr bei uns herzlich willkommen! F\u00fcr Junggesellinnen- und Junggesellenabschiede empfehlen wir aus Erfahrung drei unserer City-Touren:\u00a0Die von Betty BBQ selbst&hellip;<\/p>\n","protected":false},"author":1,"featured_media":0,"parent":0,"menu_order":0,"comment_status":"closed","ping_status":"closed","template":"","meta":{"footnotes":""},"class_list":["post-18","page","type-page","status-publish","hentry","entry","no-media"],"yoast_head":"<!-- This site is optimized with the Yoast SEO plugin v27.4 - https:\/\/yoast.com\/product\/yoast-seo-wordpress\/ -->\n<title>Gruppen - Betty BBQ<\/title>\n<meta name=\"robots\" content=\"index, follow, max-snippet:-1, max-image-preview:large, max-video-preview:-1\" \/>\n<link rel=\"canonical\" href=\"https:\/\/betty-bbq.com\/cms\/gruppen\/\" \/>\n<meta property=\"og:locale\" content=\"de_DE\" \/>\n<meta property=\"og:type\" content=\"article\" \/>\n<meta property=\"og:title\" content=\"Gruppen - Betty BBQ\" \/>\n<meta property=\"og:description\" content=\"[vc_row][vc_column][vc_single_image image=&#8221;140&#8243; css_animation=&#8221;bounceInDown&#8221;][\/vc_column][\/vc_row][vc_row max_width=&#8221;50&#8243;][vc_column][vc_column_text] F\u00fcr Gruppenbesuche Mit Eurem Junggesellinnenabschied oder Junggesellenabschied, Eurer Geburtstags- oder Scheidungsparty, Eurem Betriebsausflug und sonstigen Gruppen-Events\u00a0seid Ihr bei uns herzlich willkommen! F\u00fcr Junggesellinnen- und Junggesellenabschiede empfehlen wir aus Erfahrung drei unserer City-Touren:\u00a0Die von Betty BBQ selbst&hellip;\" \/>\n<meta property=\"og:url\" content=\"https:\/\/betty-bbq.com\/cms\/gruppen\/\" \/>\n<meta property=\"og:site_name\" content=\"Betty BBQ\" \/>\n<meta property=\"article:modified_time\" content=\"2025-06-26T21:33:04+00:00\" \/>\n<meta name=\"twitter:card\" content=\"summary_large_image\" \/>\n<meta name=\"twitter:label1\" content=\"Gesch\u00e4tzte Lesezeit\" \/>\n\t<meta name=\"twitter:data1\" content=\"3\u00a0Minuten\" \/>\n<script type=\"application\/ld+json\" class=\"yoast-schema-graph\">{\"@context\":\"https:\\\/\\\/schema.org\",\"@graph\":[{\"@type\":\"WebPage\",\"@id\":\"https:\\\/\\\/betty-bbq.com\\\/cms\\\/gruppen\\\/\",\"url\":\"https:\\\/\\\/betty-bbq.com\\\/cms\\\/gruppen\\\/\",\"name\":\"Gruppen - Betty BBQ\",\"isPartOf\":{\"@id\":\"https:\\\/\\\/betty-bbq.com\\\/cms\\\/#website\"},\"datePublished\":\"2018-10-30T09:59:40+00:00\",\"dateModified\":\"2025-06-26T21:33:04+00:00\",\"breadcrumb\":{\"@id\":\"https:\\\/\\\/betty-bbq.com\\\/cms\\\/gruppen\\\/#breadcrumb\"},\"inLanguage\":\"de\",\"potentialAction\":[{\"@type\":\"ReadAction\",\"target\":[\"https:\\\/\\\/betty-bbq.com\\\/cms\\\/gruppen\\\/\"]}]},{\"@type\":\"BreadcrumbList\",\"@id\":\"https:\\\/\\\/betty-bbq.com\\\/cms\\\/gruppen\\\/#breadcrumb\",\"itemListElement\":[{\"@type\":\"ListItem\",\"position\":1,\"name\":\"Startseite\",\"item\":\"https:\\\/\\\/betty-bbq.com\\\/cms\\\/\"},{\"@type\":\"ListItem\",\"position\":2,\"name\":\"Gruppen\"}]},{\"@type\":\"WebSite\",\"@id\":\"https:\\\/\\\/betty-bbq.com\\\/cms\\\/#website\",\"url\":\"https:\\\/\\\/betty-bbq.com\\\/cms\\\/\",\"name\":\"Fr\u00e4ulein Betty BBQ - Schwarzwald Drag Queen, Schorlek\u00f6nigin, Entertainerin\",\"description\":\"Betty BBQ Travestie &amp; Entertainment\",\"publisher\":{\"@id\":\"https:\\\/\\\/betty-bbq.com\\\/cms\\\/#\\\/schema\\\/person\\\/6e6c45463a3cf44a5334be285fffb4b1\"},\"potentialAction\":[{\"@type\":\"SearchAction\",\"target\":{\"@type\":\"EntryPoint\",\"urlTemplate\":\"https:\\\/\\\/betty-bbq.com\\\/cms\\\/?s={search_term_string}\"},\"query-input\":{\"@type\":\"PropertyValueSpecification\",\"valueRequired\":true,\"valueName\":\"search_term_string\"}}],\"inLanguage\":\"de\"},{\"@type\":[\"Person\",\"Organization\"],\"@id\":\"https:\\\/\\\/betty-bbq.com\\\/cms\\\/#\\\/schema\\\/person\\\/6e6c45463a3cf44a5334be285fffb4b1\",\"name\":\"Betty BBQ\",\"image\":{\"@type\":\"ImageObject\",\"inLanguage\":\"de\",\"@id\":\"https:\\\/\\\/betty-bbq.com\\\/cms\\\/wp-content\\\/uploads\\\/2018\\\/10\\\/BettyBBQ-Logo.png\",\"url\":\"https:\\\/\\\/betty-bbq.com\\\/cms\\\/wp-content\\\/uploads\\\/2018\\\/10\\\/BettyBBQ-Logo.png\",\"contentUrl\":\"https:\\\/\\\/betty-bbq.com\\\/cms\\\/wp-content\\\/uploads\\\/2018\\\/10\\\/BettyBBQ-Logo.png\",\"width\":365,\"height\":365,\"caption\":\"Betty BBQ\"},\"logo\":{\"@id\":\"https:\\\/\\\/betty-bbq.com\\\/cms\\\/wp-content\\\/uploads\\\/2018\\\/10\\\/BettyBBQ-Logo.png\"},\"sameAs\":[\"http:\\\/\\\/www.betty-bbq.de\"]}]}<\/script>\n<!-- \/ Yoast SEO plugin. -->","yoast_head_json":{"title":"Gruppen - Betty BBQ","robots":{"index":"index","follow":"follow","max-snippet":"max-snippet:-1","max-image-preview":"max-image-preview:large","max-video-preview":"max-video-preview:-1"},"canonical":"https:\/\/betty-bbq.com\/cms\/gruppen\/","og_locale":"de_DE","og_type":"article","og_title":"Gruppen - Betty BBQ","og_description":"[vc_row][vc_column][vc_single_image image=&#8221;140&#8243; css_animation=&#8221;bounceInDown&#8221;][\/vc_column][\/vc_row][vc_row max_width=&#8221;50&#8243;][vc_column][vc_column_text] F\u00fcr Gruppenbesuche Mit Eurem Junggesellinnenabschied oder Junggesellenabschied, Eurer Geburtstags- oder Scheidungsparty, Eurem Betriebsausflug und sonstigen Gruppen-Events\u00a0seid Ihr bei uns herzlich willkommen! F\u00fcr Junggesellinnen- und Junggesellenabschiede empfehlen wir aus Erfahrung drei unserer City-Touren:\u00a0Die von Betty BBQ selbst&hellip;","og_url":"https:\/\/betty-bbq.com\/cms\/gruppen\/","og_site_name":"Betty BBQ","article_modified_time":"2025-06-26T21:33:04+00:00","twitter_card":"summary_large_image","twitter_misc":{"Gesch\u00e4tzte Lesezeit":"3\u00a0Minuten"},"schema":{"@context":"https:\/\/schema.org","@graph":[{"@type":"WebPage","@id":"https:\/\/betty-bbq.com\/cms\/gruppen\/","url":"https:\/\/betty-bbq.com\/cms\/gruppen\/","name":"Gruppen - Betty BBQ","isPartOf":{"@id":"https:\/\/betty-bbq.com\/cms\/#website"},"datePublished":"2018-10-30T09:59:40+00:00","dateModified":"2025-06-26T21:33:04+00:00","breadcrumb":{"@id":"https:\/\/betty-bbq.com\/cms\/gruppen\/#breadcrumb"},"inLanguage":"de","potentialAction":[{"@type":"ReadAction","target":["https:\/\/betty-bbq.com\/cms\/gruppen\/"]}]},{"@type":"BreadcrumbList","@id":"https:\/\/betty-bbq.com\/cms\/gruppen\/#breadcrumb","itemListElement":[{"@type":"ListItem","position":1,"name":"Startseite","item":"https:\/\/betty-bbq.com\/cms\/"},{"@type":"ListItem","position":2,"name":"Gruppen"}]},{"@type":"WebSite","@id":"https:\/\/betty-bbq.com\/cms\/#website","url":"https:\/\/betty-bbq.com\/cms\/","name":"Fr\u00e4ulein Betty BBQ - Schwarzwald Drag Queen, Schorlek\u00f6nigin, Entertainerin","description":"Betty BBQ Travestie &amp; Entertainment","publisher":{"@id":"https:\/\/betty-bbq.com\/cms\/#\/schema\/person\/6e6c45463a3cf44a5334be285fffb4b1"},"potentialAction":[{"@type":"SearchAction","target":{"@type":"EntryPoint","urlTemplate":"https:\/\/betty-bbq.com\/cms\/?s={search_term_string}"},"query-input":{"@type":"PropertyValueSpecification","valueRequired":true,"valueName":"search_term_string"}}],"inLanguage":"de"},{"@type":["Person","Organization"],"@id":"https:\/\/betty-bbq.com\/cms\/#\/schema\/person\/6e6c45463a3cf44a5334be285fffb4b1","name":"Betty BBQ","image":{"@type":"ImageObject","inLanguage":"de","@id":"https:\/\/betty-bbq.com\/cms\/wp-content\/uploads\/2018\/10\/BettyBBQ-Logo.png","url":"https:\/\/betty-bbq.com\/cms\/wp-content\/uploads\/2018\/10\/BettyBBQ-Logo.png","contentUrl":"https:\/\/betty-bbq.com\/cms\/wp-content\/uploads\/2018\/10\/BettyBBQ-Logo.png","width":365,"height":365,"caption":"Betty BBQ"},"logo":{"@id":"https:\/\/betty-bbq.com\/cms\/wp-content\/uploads\/2018\/10\/BettyBBQ-Logo.png"},"sameAs":["http:\/\/www.betty-bbq.de"]}]}},"jetpack_sharing_enabled":true,"_links":{"self":[{"href":"https:\/\/betty-bbq.com\/cms\/wp-json\/wp\/v2\/pages\/18","targetHints":{"allow":["GET"]}}],"collection":[{"href":"https:\/\/betty-bbq.com\/cms\/wp-json\/wp\/v2\/pages"}],"about":[{"href":"https:\/\/betty-bbq.com\/cms\/wp-json\/wp\/v2\/types\/page"}],"author":[{"embeddable":true,"href":"https:\/\/betty-bbq.com\/cms\/wp-json\/wp\/v2\/users\/1"}],"replies":[{"embeddable":true,"href":"https:\/\/betty-bbq.com\/cms\/wp-json\/wp\/v2\/comments?post=18"}],"version-history":[{"count":17,"href":"https:\/\/betty-bbq.com\/cms\/wp-json\/wp\/v2\/pages\/18\/revisions"}],"predecessor-version":[{"id":3493,"href":"https:\/\/betty-bbq.com\/cms\/wp-json\/wp\/v2\/pages\/18\/revisions\/3493"}],"wp:attachment":[{"href":"https:\/\/betty-bbq.com\/cms\/wp-json\/wp\/v2\/media?parent=18"}],"curies":[{"name":"wp","href":"https:\/\/api.w.org\/{rel}","templated":true}]}}