{"id":24,"date":"2018-10-30T11:00:53","date_gmt":"2018-10-30T10:00:53","guid":{"rendered":"https:\/\/betty-bbq.com\/cms\/?page_id=24"},"modified":"2025-03-21T22:28:58","modified_gmt":"2025-03-21T21:28:58","slug":"regeln","status":"publish","type":"page","link":"https:\/\/betty-bbq.com\/cms\/regeln\/","title":{"rendered":"Regeln"},"content":{"rendered":"[vc_row][vc_column][vc_single_image image=&#8221;640&#8243; css_animation=&#8221;bounceInDown&#8221;][\/vc_column][\/vc_row][vc_row max_width=&#8221;50&#8243;][vc_column][vc_column_text]\n<h2>Regeln f\u00fcr die Teilnahme an City- und Kneipen-Touren:<\/h2>\n<p>Erg\u00e4nzend zu unseren\u00a0<strong><a href=\"https:\/\/betty-bbq.com\/cms\/agb\/\" target=\"_blank\" rel=\"noopener noreferrer\">Allgemeinen Gesch\u00e4ftsbedingungen<\/a>\u00a0<\/strong>gelten folgende <strong>Regeln und\u00a0Teilnahme- und Tourbedingungen.<\/strong><\/p>\n<p>Allgemein gilt es zu beachten: City- und Kneipen-Touren aus dem Hause <strong>Betty BBQ<\/strong> haben den Charakter einer <strong>Entertainment-F\u00fchrung,<\/strong> bei denen Spass und Unterhaltung im Vordergrund stehen.<\/p>\n<p>Ebenso ist die Teilnahme an allen unseren Stadtf\u00fchrungen nur ab 18 Jahren m\u00f6glich. Personen unter 18 Jahren sind grunds\u00e4tzlich von der Teilnahme ausgeschlossen.<\/p>\n<p>Unsere City Touren und Kneipentouren sollen jedem Spa\u00df machen und wir distanzieren uns eindeutig vom Eindruck \u201egef\u00fchrter Sauftouren\u201c. \u00dcberm\u00e4\u00dfigen und unverantwortlichen Alkoholkonsum mit Kontrollverlust, Verlust von Anstand und Mangel an respektvollen und h\u00f6flichen Umgang ahnden wir konsequent durch Ausschluss von der Tour.<\/p>\n<p>Genie\u00dfe Alkohol verantwortungsvoll, damit wir gemeinsam einen sch\u00f6nen Abend erleben.<\/p>\n<p><strong>Teilnahme- und Tourbedingungen<\/strong><\/p>\n<ol>\n<li><strong>Teilnahme bei allen unseren City-Touren erst ab 18 Jahren! Personen unter 18 Jahren k\u00f6nnen nicht teilnehmen, auch nicht in Begleitung von Erziehungspersonen oder Aufsichtspersonen..<\/strong> Es ist ein g\u00fcltiger Personalausweis w\u00e4hrend der gesamten Tour mitzuf\u00fchren.<\/li>\n<li>Jeder Teilnehmer ist f\u00fcr den <strong>Konsum von Alkohol und deren Menge selbst verantwortlich.<\/strong><\/li>\n<li>Betty BBQ Travestie &amp; Entertainment haftet nicht f\u00fcr Sach- oder Personensch\u00e4den. Jeder ist f\u00fcr sich selbst verantwortlich.<\/li>\n<li>Anweisungen des Tourleiters\/Guides ist stets Folge zu leisten.<\/li>\n<li><strong>Personen, die unter berauschenden Einfluss von Cannabis-Produkten<\/strong> (wie z.B. Cannabisbl\u00fcten (Marihuana), Cannabisextrakten (Haschisch\u00f6l, dab), Haschisch und Kief) <strong>stehen, k\u00f6nnen grunds\u00e4tzlich nicht an unseren Touren teilnehmen. Ebenso ist das Rauchen von Cannabis-Produkten nicht erlaubt.<\/strong><\/li>\n<li>Die Tourleiter\/Guides sowie das Management behalten sich jederzeit vor,\u00a0<strong>alkoholisierte, berauschte oder sich unverantwortlich (z.B. Beleidigungen, Bedrohungen und t\u00e4tliche Angriffe sowie Erregung \u00f6ffentlichen \u00c4rgernisses)\u00a0 verhaltende Teilnehmer von der Tour auszuschlie\u00dfen, eine Erstattung ist hierbei ausgeschlossen.<\/strong> <strong>Personen, die unter dem berauschenden Einfluss von Cannabis-Produkten<\/strong> (wie z.B. Cannabisbl\u00fcten (Marihuana), Cannabisextrakten (Haschisch\u00f6l, dab), Haschisch und Kief) stehen, <strong>k\u00f6nnen grunds\u00e4tzlich nicht an unseren Touren teilnehmen, ebenso ist das Rauchen von Cannabis-Produkten nicht erlaubt. Auch in diesen beiden F\u00e4llen ist ein Ausschluss von der Tour ohne Erstattungsrecht m\u00f6glich.<\/strong> Bez\u00fcglich dem alkoholisierten und berauschenden Zustands betreffender Teilnehmer ist nicht auf den Grad der Alkoholisierung bzw. Rauschzustand abzustellen, sondern auf wesentliche F\u00e4higkeiten zu einer reibungslosen Teilnahme , diese sind z.B. Orientierungs-, Geh- und Stehverm\u00f6gen sowie Rede- und Sehverm\u00f6gen (\u201eHerr \u00fcber seinen K\u00f6rper sein\u201c ). Die Entscheidung dar\u00fcber, ob die genannten Ausschlussgr\u00fcnde vorliegen, liegen alleine in der subjektiven Beurteilung des Guides bzw. dem Management. Wir k\u00f6nnen auch aus Haftungs- und Hausrechtgsr\u00fcnden die City-Tour dann nicht mehr durchf\u00fchren. Einreden zu diesen Entscheidungen k\u00f6nnen nur an das Management und via E-Mail nach der Entscheidung eingebracht werden.<\/li>\n<li>Die Tourleiter\/Guides sowie das Management behalten sich jederzeit vor,\u00a0<strong>exklusiv\/privat gebuchte City-Touren aufgrund alkoholisierter, berauschter oder sich unverantwortlich verhaltende Teilnehmer abzusagen und abzubrechen, eine Erstattung ist hierbei<\/strong> ausgeschlossen. <strong>Personen, die unter dem berauschenden Einfluss von Cannabis-Produkten<\/strong> (wie z.B. Cannabisbl\u00fcten (Marihuana), Cannabisextrakten (Haschisch\u00f6l, dab), Haschisch und Kief) stehen, <strong>k\u00f6nnen grunds\u00e4tzlich nicht an unseren Touren teilnehmen, ebenso ist das Rauchen von Cannabis-Produkten nicht erlaubt. Auch in diesen beiden F\u00e4llen ist ein Ausschluss von der Tour ohne Erstattungsrecht m\u00f6glich. <\/strong>Bez\u00fcglich dem alkoholisierten und berauschenden Zustands betreffender Teilnehmer ist nicht auf den Grad der Alkoholisierung bzw. Rauschzustand abzustellen, sondern auf wesentliche F\u00e4higkeiten zu einer reibungslosen Teilnahme , diese sind z.B. Orientierungs-, Geh- und Stehverm\u00f6gen sowie Rede- und Sehverm\u00f6gen (\u201eHerr \u00fcber seinen K\u00f6rper sein\u201c ). Die Entscheidung dar\u00fcber, ob die genannten Ausschlussgr\u00fcnde vorliegen, liegen alleine in der subjektiven Beurteilung des Guides bzw. dem Management. Wir k\u00f6nnen auch aus Haftungs- und Hausrechtgsr\u00fcnden die City-Tour dann nicht mehr durchf\u00fchren. Einreden zu diesen Entscheidungen k\u00f6nnen nur an das Management und via E-Mail nach der Entscheidung eingebracht werden.<\/li>\n<li>Verkleidungen sind erlaubt, jedoch ist auf ein gepflegtes Erscheinungsbild zu achten.<\/li>\n<li>Bollerw\u00e4gen, Bauchl\u00e4den u.\u00e4. sind nicht gestattet.<\/li>\n<li>Die StVO ist einzuhalten. <strong>Achten Sie bitte<\/strong> stets auf Ihren Weg und insbesondere auf die Freiburger B\u00e4chle!<\/li>\n<li>Das Mitbringen von eigenen alkoholischen Getr\u00e4nken und das sogenannte \u201eWegbier\u201c sind ausdr\u00fccklich verboten.<\/li>\n<li>Bitte beachten Sie, dass es sich bei einigen der Kneipen und Bars um Lokalit\u00e4ten handelt, in denen das Rauchen erlaubt ist und geraucht wird.<\/li>\n<li>Die Touren sind derzeit leider nicht behindertengerecht, da einige der besuchten Lokalit\u00e4ten keinen behindertengerechten Zugang haben.<\/li>\n<li>Das Mitf\u00fchren von Tieren ist nicht gestattet.<\/li>\n<li>Um den gesundheitlichen Schutz aller unserer Teilnehmer so gut wie m\u00f6glich zu gew\u00e4hren,\u00a0 d\u00fcrfen an unseren City-Touren nur nicht-infekti\u00f6se Teilnehmer teilnehmen. Dem Teilnehmer obliegt im Sinne der\u00a0<strong>verantwortlichen Eigenkontrolle die Pflicht, seinen Gesundheitszustand entsprechend zu \u00fcberwachen. <\/strong>In Verdachtsf\u00e4llen k\u00f6nnen unsere Guides\/Tourleiter Personen von der Teilnahme ohne Erstattungsrecht ausschlie\u00dfen.<strong>In Situationen von h\u00f6heren Infektionsgefahren, sind daher folgende Verhaltensweisen einzuhalten und Einschr\u00e4nkungen zu dulden:<\/strong>\n<ul>\n<li><strong>Fotos mit Betty BBQ oder unseren Guides zusammen sind nicht m\u00f6glich<\/strong><\/li>\n<li>Abstand von mind. 1 m von Betty BBQ, unseren Guides und anderen Menschen halten<\/li>\n<li>Abstand von Menschen mit Husten, Schnupfen oder Fieber halten bzw. als Mensch mit Husten, Schnupfen oder Fieber Abstand von anderen Personen halten, insbesondere mit Fieber und Husten erst gar nicht an unseren City-Touren teilnehmen!<\/li>\n<li>H\u00e4ndesch\u00fctteln und Umarmungen generell unterlassen<\/li>\n<li><a href=\"https:\/\/www.infektionsschutz.de\/haendewaschen\/\" target=\"_blank\" rel=\"noopener noreferrer\">Regelm\u00e4\u00dfiges und ausreichend langes H\u00e4ndewaschen<\/a>\u00a0(mindestens 20 Sekunden unter laufendem Wasser mit Seife)<\/li>\n<li><a href=\"https:\/\/www.infektionsschutz.de\/hygienetipps\/hygiene-beim-husten-und-niesen\/\" target=\"_blank\" rel=\"noopener noreferrer\">richtiges Husten und Niesen<\/a>\u00a0in ein Einwegtaschentuch oder in die Armbeuge<\/li>\n<li>H\u00e4nde vom Gesicht fernhalten (<span class=\"ILfuVd\"><span class=\"e24Kjd\">Schleimh\u00e4ute in\u00a0<\/span><\/span>Mund und Nase sowie Augen)<\/li>\n<\/ul>\n<\/li>\n<li>Es gelten f\u00fcr alle Touren diese Regeln und die AGB der Betty BBQ Travestie &amp; Entertainment.<\/li>\n<li>Mit Buchung unserer Dienstleistungen\/Produkte stimmen Sie <a href=\"https:\/\/betty-bbq.com\/cms\/agb\/\">den Allgemeinen Gesch\u00e4ftsbedingungen<\/a> und den Regeln f\u00fcr die Teilnahme an City- und Kneipen-Touren sowie <a href=\"https:\/\/betty-bbq.com\/cms\/datenschutz\/\">der Datenschutzerkl\u00e4rung der Betty BBQ Travestie &amp; Entertainment<\/a> zu. Der Datenschutzerkl\u00e4rung stimmen Sie auch bereits mit Kontaktaufnahme und zur Abwicklung vorvertraglicher Vorg\u00e4nge zu. Diese sind in der aktuellen Fassung einzusehen auf www.betty-bbq.com<\/li>\n<\/ol>\n<p><strong>Es gilt das Hausrecht der jeweiligen Veranstaltungsorte \u2013 Einlass unter Vorbehalt. Keine Teilnahmegarantie.<\/strong>[\/vc_column_text][\/vc_column][\/vc_row]\n","protected":false},"excerpt":{"rendered":"<p>[vc_row][vc_column][vc_single_image image=&#8221;640&#8243; css_animation=&#8221;bounceInDown&#8221;][\/vc_column][\/vc_row][vc_row max_width=&#8221;50&#8243;][vc_column][vc_column_text] Regeln f\u00fcr die Teilnahme an City- und Kneipen-Touren: Erg\u00e4nzend zu unseren\u00a0Allgemeinen Gesch\u00e4ftsbedingungen\u00a0gelten folgende Regeln und\u00a0Teilnahme- und Tourbedingungen. Allgemein gilt es zu beachten: City- und Kneipen-Touren aus dem Hause Betty BBQ haben den Charakter einer Entertainment-F\u00fchrung, bei&hellip;<\/p>\n","protected":false},"author":1,"featured_media":0,"parent":0,"menu_order":0,"comment_status":"closed","ping_status":"closed","template":"","meta":{"footnotes":""},"class_list":["post-24","page","type-page","status-publish","hentry","entry","no-media"],"yoast_head":"<!-- This site is optimized with the Yoast SEO plugin v27.4 - https:\/\/yoast.com\/product\/yoast-seo-wordpress\/ -->\n<title>Regeln - Betty BBQ<\/title>\n<meta name=\"robots\" content=\"index, follow, max-snippet:-1, max-image-preview:large, max-video-preview:-1\" \/>\n<link rel=\"canonical\" href=\"https:\/\/betty-bbq.com\/cms\/regeln\/\" \/>\n<meta property=\"og:locale\" content=\"de_DE\" \/>\n<meta property=\"og:type\" content=\"article\" \/>\n<meta property=\"og:title\" content=\"Regeln - Betty BBQ\" \/>\n<meta property=\"og:description\" content=\"[vc_row][vc_column][vc_single_image image=&#8221;640&#8243; css_animation=&#8221;bounceInDown&#8221;][\/vc_column][\/vc_row][vc_row max_width=&#8221;50&#8243;][vc_column][vc_column_text] Regeln f\u00fcr die Teilnahme an City- und Kneipen-Touren: Erg\u00e4nzend zu unseren\u00a0Allgemeinen Gesch\u00e4ftsbedingungen\u00a0gelten folgende Regeln und\u00a0Teilnahme- und Tourbedingungen. Allgemein gilt es zu beachten: City- und Kneipen-Touren aus dem Hause Betty BBQ haben den Charakter einer Entertainment-F\u00fchrung, bei&hellip;\" \/>\n<meta property=\"og:url\" content=\"https:\/\/betty-bbq.com\/cms\/regeln\/\" \/>\n<meta property=\"og:site_name\" content=\"Betty BBQ\" \/>\n<meta property=\"article:modified_time\" content=\"2025-03-21T21:28:58+00:00\" \/>\n<meta name=\"twitter:card\" content=\"summary_large_image\" \/>\n<meta name=\"twitter:label1\" content=\"Gesch\u00e4tzte Lesezeit\" \/>\n\t<meta name=\"twitter:data1\" content=\"6\u00a0Minuten\" \/>\n<script type=\"application\/ld+json\" class=\"yoast-schema-graph\">{\"@context\":\"https:\\\/\\\/schema.org\",\"@graph\":[{\"@type\":\"WebPage\",\"@id\":\"https:\\\/\\\/betty-bbq.com\\\/cms\\\/regeln\\\/\",\"url\":\"https:\\\/\\\/betty-bbq.com\\\/cms\\\/regeln\\\/\",\"name\":\"Regeln - Betty BBQ\",\"isPartOf\":{\"@id\":\"https:\\\/\\\/betty-bbq.com\\\/cms\\\/#website\"},\"datePublished\":\"2018-10-30T10:00:53+00:00\",\"dateModified\":\"2025-03-21T21:28:58+00:00\",\"breadcrumb\":{\"@id\":\"https:\\\/\\\/betty-bbq.com\\\/cms\\\/regeln\\\/#breadcrumb\"},\"inLanguage\":\"de\",\"potentialAction\":[{\"@type\":\"ReadAction\",\"target\":[\"https:\\\/\\\/betty-bbq.com\\\/cms\\\/regeln\\\/\"]}]},{\"@type\":\"BreadcrumbList\",\"@id\":\"https:\\\/\\\/betty-bbq.com\\\/cms\\\/regeln\\\/#breadcrumb\",\"itemListElement\":[{\"@type\":\"ListItem\",\"position\":1,\"name\":\"Startseite\",\"item\":\"https:\\\/\\\/betty-bbq.com\\\/cms\\\/\"},{\"@type\":\"ListItem\",\"position\":2,\"name\":\"Regeln\"}]},{\"@type\":\"WebSite\",\"@id\":\"https:\\\/\\\/betty-bbq.com\\\/cms\\\/#website\",\"url\":\"https:\\\/\\\/betty-bbq.com\\\/cms\\\/\",\"name\":\"Fr\u00e4ulein Betty BBQ - Schwarzwald Drag Queen, Schorlek\u00f6nigin, Entertainerin\",\"description\":\"Betty BBQ Travestie &amp; Entertainment\",\"publisher\":{\"@id\":\"https:\\\/\\\/betty-bbq.com\\\/cms\\\/#\\\/schema\\\/person\\\/6e6c45463a3cf44a5334be285fffb4b1\"},\"potentialAction\":[{\"@type\":\"SearchAction\",\"target\":{\"@type\":\"EntryPoint\",\"urlTemplate\":\"https:\\\/\\\/betty-bbq.com\\\/cms\\\/?s={search_term_string}\"},\"query-input\":{\"@type\":\"PropertyValueSpecification\",\"valueRequired\":true,\"valueName\":\"search_term_string\"}}],\"inLanguage\":\"de\"},{\"@type\":[\"Person\",\"Organization\"],\"@id\":\"https:\\\/\\\/betty-bbq.com\\\/cms\\\/#\\\/schema\\\/person\\\/6e6c45463a3cf44a5334be285fffb4b1\",\"name\":\"Betty BBQ\",\"image\":{\"@type\":\"ImageObject\",\"inLanguage\":\"de\",\"@id\":\"https:\\\/\\\/betty-bbq.com\\\/cms\\\/wp-content\\\/uploads\\\/2018\\\/10\\\/BettyBBQ-Logo.png\",\"url\":\"https:\\\/\\\/betty-bbq.com\\\/cms\\\/wp-content\\\/uploads\\\/2018\\\/10\\\/BettyBBQ-Logo.png\",\"contentUrl\":\"https:\\\/\\\/betty-bbq.com\\\/cms\\\/wp-content\\\/uploads\\\/2018\\\/10\\\/BettyBBQ-Logo.png\",\"width\":365,\"height\":365,\"caption\":\"Betty BBQ\"},\"logo\":{\"@id\":\"https:\\\/\\\/betty-bbq.com\\\/cms\\\/wp-content\\\/uploads\\\/2018\\\/10\\\/BettyBBQ-Logo.png\"},\"sameAs\":[\"http:\\\/\\\/www.betty-bbq.de\"]}]}<\/script>\n<!-- \/ Yoast SEO plugin. -->","yoast_head_json":{"title":"Regeln - Betty BBQ","robots":{"index":"index","follow":"follow","max-snippet":"max-snippet:-1","max-image-preview":"max-image-preview:large","max-video-preview":"max-video-preview:-1"},"canonical":"https:\/\/betty-bbq.com\/cms\/regeln\/","og_locale":"de_DE","og_type":"article","og_title":"Regeln - Betty BBQ","og_description":"[vc_row][vc_column][vc_single_image image=&#8221;640&#8243; css_animation=&#8221;bounceInDown&#8221;][\/vc_column][\/vc_row][vc_row max_width=&#8221;50&#8243;][vc_column][vc_column_text] Regeln f\u00fcr die Teilnahme an City- und Kneipen-Touren: Erg\u00e4nzend zu unseren\u00a0Allgemeinen Gesch\u00e4ftsbedingungen\u00a0gelten folgende Regeln und\u00a0Teilnahme- und Tourbedingungen. Allgemein gilt es zu beachten: City- und Kneipen-Touren aus dem Hause Betty BBQ haben den Charakter einer Entertainment-F\u00fchrung, bei&hellip;","og_url":"https:\/\/betty-bbq.com\/cms\/regeln\/","og_site_name":"Betty BBQ","article_modified_time":"2025-03-21T21:28:58+00:00","twitter_card":"summary_large_image","twitter_misc":{"Gesch\u00e4tzte Lesezeit":"6\u00a0Minuten"},"schema":{"@context":"https:\/\/schema.org","@graph":[{"@type":"WebPage","@id":"https:\/\/betty-bbq.com\/cms\/regeln\/","url":"https:\/\/betty-bbq.com\/cms\/regeln\/","name":"Regeln - Betty BBQ","isPartOf":{"@id":"https:\/\/betty-bbq.com\/cms\/#website"},"datePublished":"2018-10-30T10:00:53+00:00","dateModified":"2025-03-21T21:28:58+00:00","breadcrumb":{"@id":"https:\/\/betty-bbq.com\/cms\/regeln\/#breadcrumb"},"inLanguage":"de","potentialAction":[{"@type":"ReadAction","target":["https:\/\/betty-bbq.com\/cms\/regeln\/"]}]},{"@type":"BreadcrumbList","@id":"https:\/\/betty-bbq.com\/cms\/regeln\/#breadcrumb","itemListElement":[{"@type":"ListItem","position":1,"name":"Startseite","item":"https:\/\/betty-bbq.com\/cms\/"},{"@type":"ListItem","position":2,"name":"Regeln"}]},{"@type":"WebSite","@id":"https:\/\/betty-bbq.com\/cms\/#website","url":"https:\/\/betty-bbq.com\/cms\/","name":"Fr\u00e4ulein Betty BBQ - Schwarzwald Drag Queen, Schorlek\u00f6nigin, Entertainerin","description":"Betty BBQ Travestie &amp; Entertainment","publisher":{"@id":"https:\/\/betty-bbq.com\/cms\/#\/schema\/person\/6e6c45463a3cf44a5334be285fffb4b1"},"potentialAction":[{"@type":"SearchAction","target":{"@type":"EntryPoint","urlTemplate":"https:\/\/betty-bbq.com\/cms\/?s={search_term_string}"},"query-input":{"@type":"PropertyValueSpecification","valueRequired":true,"valueName":"search_term_string"}}],"inLanguage":"de"},{"@type":["Person","Organization"],"@id":"https:\/\/betty-bbq.com\/cms\/#\/schema\/person\/6e6c45463a3cf44a5334be285fffb4b1","name":"Betty BBQ","image":{"@type":"ImageObject","inLanguage":"de","@id":"https:\/\/betty-bbq.com\/cms\/wp-content\/uploads\/2018\/10\/BettyBBQ-Logo.png","url":"https:\/\/betty-bbq.com\/cms\/wp-content\/uploads\/2018\/10\/BettyBBQ-Logo.png","contentUrl":"https:\/\/betty-bbq.com\/cms\/wp-content\/uploads\/2018\/10\/BettyBBQ-Logo.png","width":365,"height":365,"caption":"Betty BBQ"},"logo":{"@id":"https:\/\/betty-bbq.com\/cms\/wp-content\/uploads\/2018\/10\/BettyBBQ-Logo.png"},"sameAs":["http:\/\/www.betty-bbq.de"]}]}},"jetpack_sharing_enabled":true,"_links":{"self":[{"href":"https:\/\/betty-bbq.com\/cms\/wp-json\/wp\/v2\/pages\/24","targetHints":{"allow":["GET"]}}],"collection":[{"href":"https:\/\/betty-bbq.com\/cms\/wp-json\/wp\/v2\/pages"}],"about":[{"href":"https:\/\/betty-bbq.com\/cms\/wp-json\/wp\/v2\/types\/page"}],"author":[{"embeddable":true,"href":"https:\/\/betty-bbq.com\/cms\/wp-json\/wp\/v2\/users\/1"}],"replies":[{"embeddable":true,"href":"https:\/\/betty-bbq.com\/cms\/wp-json\/wp\/v2\/comments?post=24"}],"version-history":[{"count":20,"href":"https:\/\/betty-bbq.com\/cms\/wp-json\/wp\/v2\/pages\/24\/revisions"}],"predecessor-version":[{"id":3480,"href":"https:\/\/betty-bbq.com\/cms\/wp-json\/wp\/v2\/pages\/24\/revisions\/3480"}],"wp:attachment":[{"href":"https:\/\/betty-bbq.com\/cms\/wp-json\/wp\/v2\/media?parent=24"}],"curies":[{"name":"wp","href":"https:\/\/api.w.org\/{rel}","templated":true}]}}