{"id":300,"date":"2018-11-15T13:45:19","date_gmt":"2018-11-15T12:45:19","guid":{"rendered":"https:\/\/betty-bbq.com\/cms\/?page_id=300"},"modified":"2022-09-28T14:30:15","modified_gmt":"2022-09-28T12:30:15","slug":"jobs","status":"publish","type":"page","link":"https:\/\/betty-bbq.com\/cms\/jobs\/","title":{"rendered":"Jobs"},"content":{"rendered":"[vc_row][vc_column][vc_single_image image=&#8221;331&#8243; css_animation=&#8221;bounceInDown&#8221;][\/vc_column][\/vc_row][vc_row max_width=&#8221;50&#8243;][vc_column][vc_column_text]\n<h2>WE WANT YOU: <span style=\"color: #993300;\">Entertainment City-Touren<\/span><\/h2>\n<h3>Job bei Schwarzwald Drag Queen Betty BBQ gef\u00e4llig ?<\/h3>\n<p>Wir, das Team rund um die Freiburger Drag Queen Betty BBQ, sind auf der Suche nach <strong>motivierten Tour-Guides<\/strong>\u00a0f\u00fcr unsere City- und Kneipen-Touren mit und ohne Betty BBQ.<\/p>\n<p>Als Guide unterst\u00fctzt du Betty BBQ bei der Durchf\u00fchrung Ihrer City-Touren sowie bei Veranstaltungen. City-Touren, welche ohne Betty BBQ angeboten werden, f\u00fchrst du eigenverantwortlich durch.<\/p>\n<p>Ebenso suchen wir <strong>Sicherheitspersonal (nach \u00a7 34a GewO) <\/strong>zur Unterst\u00fctzung im laufenden Betrieb.<\/p>\n<p>&nbsp;<\/p>\n<p><strong>Wen wir suchen:<\/strong><\/p>\n<ul>\n<li>Du bist neugierig und weltoffen, immer gut gelaunt und sprichst gerne vor Leuten.<\/li>\n<li>Du bist service-orientiert, engagiert und zuverl\u00e4ssig.<\/li>\n<li>Du arbeitest gerne Freitag und Samstag (Abendstunden bis ganztags).<\/li>\n<\/ul>\n<p><strong>Was wir bieten:<\/strong><\/p>\n<p>Wir sind ein junges, buntes, offenes Team! Bei uns kannst Du arbeiten und gleichzeitig Spa\u00df haben!<\/p>\n<p>&nbsp;<\/p>\n<p>Gerne k\u00f6nnt ihr Euch auf dieser Website schon einmal \u00fcber unser Dienstleistungsspektrum informieren und reinschnuppern!<\/p>\n<p>Wir freuen uns auf Zuschriften \u00fcber die Rubrik\u00a0<a href=\"https:\/\/betty-bbq.com\/cms\/kontakt\/\" target=\"_blank\" rel=\"noopener noreferrer\">Kontakt.<\/a>[\/vc_column_text][\/vc_column][\/vc_row][vc_row max_width=&#8221;50&#8243;][vc_column][vc_separator color=&#8221;purple&#8221; border_width=&#8221;5&#8243;][vc_column_text]\n<h2>WE WANT YOU: <span style=\"color: #993300;\">Kulinarische F\u00fchrungen<\/span><\/h2>\n<h3>F\u00fcr unser Angebot an kulinarischen Stadtf\u00fchrungen suchen wir engagierte Mitarbeiter.<\/h3>\n<p>&nbsp;<\/p>\n<p><strong><em>Du bist ein&#8230;<\/em><\/strong><\/p>\n<p><em>&#8230;\u201cFoodie\u201c und leidenschaftliche:r S\u00fcdbadener:in oder &#8220;Ni Gschmeckte:r&#8221;? <\/em><\/p>\n<p><em>&#8230; gute:r Unterhaltungsk\u00fcnstler:in? <\/em><\/p>\n<p><em>&#8230;gr\u00fcndlich, motiviert und engagiert?<\/em><\/p>\n<div dir=\"auto\"><em>Du isst und Trinkst gerne und sprichst gerne \u00fcber die Leidenschaft Essen und Trinken?<\/em><\/div>\n<div dir=\"auto\"><em>Du hast ein ausgepr\u00e4gtes Interesse &amp; Wissen an S\u00fcdbaden und die Spezialit\u00e4ten der Region oder m\u00f6chtest\u00a0 Dir diese aneignen?<\/em><\/div>\n<div dir=\"auto\"><em>Du Wanderst gerne und bist gerne an der frischen Luft?<\/em><\/div>\n<div dir=\"auto\"><\/div>\n<div dir=\"auto\"><\/div>\n<div dir=\"auto\"><strong>Dann haben wir\u00a0 die perfekte Stelle f\u00fcr Dich!<\/strong><\/div>\n<div dir=\"auto\">Wir sind Veranstalter von Entertainment- und kulinarischen City-Touren in Freiburg.<\/div>\n<div dir=\"auto\"><\/div>\n<div dir=\"auto\"><\/div>\n<div dir=\"auto\"><strong>Wir suchen zur Erweiterung unseres Angebots Tour Guides\u00a0 (m\/w\/d) f\u00fcr kulinarische F\u00fchrungen.<\/strong><\/div>\n<div dir=\"auto\">Die Touren finden in Freiburgs Altstadt und auf dem Schlossberg statt, wobei der Schwerpunkt auf lokalen Spezialit\u00e4ten, Streetfood, Wein &amp; Bier und Tradition liegt. Wir verbinden s\u00fcdbadische Lebensfreunde, regionale Weine und Bier mit Schwarzw\u00e4lder Esskultur und der traumhaften Kulisse Freiburgs.<\/div>\n<div dir=\"auto\"><\/div>\n<div dir=\"auto\">Die F\u00fchrungen finden i.d.R. von Freitag bis Sonntag \u00f6ffentlich Tags\u00fcber statt und dauern zwischen 2 und 3 Stunden. Der Zeitplan variiert je nach Saison zwischen 1-4 Touren pro Woche.<\/div>\n<p>Als Guide f\u00fchrst du eigenverantwortlich die F\u00fchrungen\u00a0 in Freiburg durch.<\/p>\n<p>&nbsp;<\/p>\n<p><strong>Wen wir suchen:<\/strong><\/p>\n<p>Eine Street-Food-Tour \/ Weinwanderung zu leiten setzt eine Kombination aus Begeisterung, situationsbedingtes Handeln,\u00a0 Geschichtenerz\u00e4hlen und der F\u00e4higkeit, mit vielf\u00e4ltigen Menschen aller Altersgruppen und aus aller Welt in Kontakt zu treten, voraus. Du erkennst Dich in diesen F\u00e4higkeiten und Eigenschaften wieder? Dann bewerbe dich gerne bei uns!<\/p>\n<ul>\n<li>Du wohnst in Freiburg oder im Umland und bis mobil.<\/li>\n<li>Du sprichst Deutsch und Englisch und gerne auch Alemannisch.<\/li>\n<li>Du liebst es, G\u00e4ste zu unterhalten und ihnen die Besonderheiten der Stadt zu zeigen, bist weltoffen und fr\u00f6hlich gestimmt<\/li>\n<li>Du bist service-orientiert, engagiert und zuverl\u00e4ssig.<\/li>\n<li>Du hast eine Leidenschaft f\u00fcr Essen- und Trink-Kultur<\/li>\n<li>Du arbeitest gerne Freitag und Samstag tags\u00fcber und kannst dir auch Arbeitseins\u00e4tze tags\u00fcber &#8220;unter der Woche&#8221; vorstellen<\/li>\n<li>Die Anzahl der Schichten variiert von Woche zu Woche. Ein gewisses Ma\u00df an Flexibilit\u00e4t ist notwending.<\/li>\n<li>Du bist offen und motiviert zum Lernen und Erleben<\/li>\n<\/ul>\n<p>&nbsp;<\/p>\n<p><strong>Was wir bieten:<\/strong><\/p>\n<ul>\n<li>Wir sind ein buntes und offenes Team! Bei uns kannst Du arbeiten und gleichzeitig Spa\u00df haben!<\/li>\n<li>Gruppen f\u00fchren und anleiten macht Spa\u00df und steigert dein Selbstbewusstein<\/li>\n<li>Teilzeit oder Minijob<\/li>\n<li>Angemessene Entlohnung<\/li>\n<\/ul>\n<p>Wir freuen uns auf Zuschriften \u00fcber die Rubrik\u00a0<a href=\"https:\/\/betty-bbq.com\/cms\/kontakt\/\" target=\"_blank\" rel=\"noopener noreferrer\">Kontakt.<\/a>[\/vc_column_text][\/vc_column][\/vc_row][vc_row][vc_column][\/vc_column][\/vc_row][vc_row][vc_column][\/vc_column][\/vc_row]\n","protected":false},"excerpt":{"rendered":"<p>[vc_row][vc_column][vc_single_image image=&#8221;331&#8243; css_animation=&#8221;bounceInDown&#8221;][\/vc_column][\/vc_row][vc_row max_width=&#8221;50&#8243;][vc_column][vc_column_text] WE WANT YOU: Entertainment City-Touren Job bei Schwarzwald Drag Queen Betty BBQ gef\u00e4llig ? Wir, das Team rund um die Freiburger Drag Queen Betty BBQ, sind auf der Suche nach motivierten Tour-Guides\u00a0f\u00fcr unsere City- und Kneipen-Touren&hellip;<\/p>\n","protected":false},"author":2,"featured_media":0,"parent":0,"menu_order":0,"comment_status":"closed","ping_status":"closed","template":"","meta":{"footnotes":""},"class_list":["post-300","page","type-page","status-publish","hentry","entry","no-media"],"yoast_head":"<!-- This site is optimized with the Yoast SEO plugin v27.4 - https:\/\/yoast.com\/product\/yoast-seo-wordpress\/ -->\n<title>Jobs - Betty BBQ<\/title>\n<meta name=\"robots\" content=\"index, follow, max-snippet:-1, max-image-preview:large, max-video-preview:-1\" \/>\n<link rel=\"canonical\" href=\"https:\/\/betty-bbq.com\/cms\/jobs\/\" \/>\n<meta property=\"og:locale\" content=\"de_DE\" \/>\n<meta property=\"og:type\" content=\"article\" \/>\n<meta property=\"og:title\" content=\"Jobs - Betty BBQ\" \/>\n<meta property=\"og:description\" content=\"[vc_row][vc_column][vc_single_image image=&#8221;331&#8243; css_animation=&#8221;bounceInDown&#8221;][\/vc_column][\/vc_row][vc_row max_width=&#8221;50&#8243;][vc_column][vc_column_text] WE WANT YOU: Entertainment City-Touren Job bei Schwarzwald Drag Queen Betty BBQ gef\u00e4llig ? Wir, das Team rund um die Freiburger Drag Queen Betty BBQ, sind auf der Suche nach motivierten Tour-Guides\u00a0f\u00fcr unsere City- und Kneipen-Touren&hellip;\" \/>\n<meta property=\"og:url\" content=\"https:\/\/betty-bbq.com\/cms\/jobs\/\" \/>\n<meta property=\"og:site_name\" content=\"Betty BBQ\" \/>\n<meta property=\"article:modified_time\" content=\"2022-09-28T12:30:15+00:00\" \/>\n<meta name=\"twitter:card\" content=\"summary_large_image\" \/>\n<meta name=\"twitter:label1\" content=\"Gesch\u00e4tzte Lesezeit\" \/>\n\t<meta name=\"twitter:data1\" content=\"3\u00a0Minuten\" \/>\n<script type=\"application\/ld+json\" class=\"yoast-schema-graph\">{\"@context\":\"https:\\\/\\\/schema.org\",\"@graph\":[{\"@type\":\"WebPage\",\"@id\":\"https:\\\/\\\/betty-bbq.com\\\/cms\\\/jobs\\\/\",\"url\":\"https:\\\/\\\/betty-bbq.com\\\/cms\\\/jobs\\\/\",\"name\":\"Jobs - Betty BBQ\",\"isPartOf\":{\"@id\":\"https:\\\/\\\/betty-bbq.com\\\/cms\\\/#website\"},\"datePublished\":\"2018-11-15T12:45:19+00:00\",\"dateModified\":\"2022-09-28T12:30:15+00:00\",\"breadcrumb\":{\"@id\":\"https:\\\/\\\/betty-bbq.com\\\/cms\\\/jobs\\\/#breadcrumb\"},\"inLanguage\":\"de\",\"potentialAction\":[{\"@type\":\"ReadAction\",\"target\":[\"https:\\\/\\\/betty-bbq.com\\\/cms\\\/jobs\\\/\"]}]},{\"@type\":\"BreadcrumbList\",\"@id\":\"https:\\\/\\\/betty-bbq.com\\\/cms\\\/jobs\\\/#breadcrumb\",\"itemListElement\":[{\"@type\":\"ListItem\",\"position\":1,\"name\":\"Startseite\",\"item\":\"https:\\\/\\\/betty-bbq.com\\\/cms\\\/\"},{\"@type\":\"ListItem\",\"position\":2,\"name\":\"Jobs\"}]},{\"@type\":\"WebSite\",\"@id\":\"https:\\\/\\\/betty-bbq.com\\\/cms\\\/#website\",\"url\":\"https:\\\/\\\/betty-bbq.com\\\/cms\\\/\",\"name\":\"Fr\u00e4ulein Betty BBQ - Schwarzwald Drag Queen, Schorlek\u00f6nigin, Entertainerin\",\"description\":\"Betty BBQ Travestie &amp; Entertainment\",\"publisher\":{\"@id\":\"https:\\\/\\\/betty-bbq.com\\\/cms\\\/#\\\/schema\\\/person\\\/6e6c45463a3cf44a5334be285fffb4b1\"},\"potentialAction\":[{\"@type\":\"SearchAction\",\"target\":{\"@type\":\"EntryPoint\",\"urlTemplate\":\"https:\\\/\\\/betty-bbq.com\\\/cms\\\/?s={search_term_string}\"},\"query-input\":{\"@type\":\"PropertyValueSpecification\",\"valueRequired\":true,\"valueName\":\"search_term_string\"}}],\"inLanguage\":\"de\"},{\"@type\":[\"Person\",\"Organization\"],\"@id\":\"https:\\\/\\\/betty-bbq.com\\\/cms\\\/#\\\/schema\\\/person\\\/6e6c45463a3cf44a5334be285fffb4b1\",\"name\":\"Betty BBQ\",\"image\":{\"@type\":\"ImageObject\",\"inLanguage\":\"de\",\"@id\":\"https:\\\/\\\/betty-bbq.com\\\/cms\\\/wp-content\\\/uploads\\\/2018\\\/10\\\/BettyBBQ-Logo.png\",\"url\":\"https:\\\/\\\/betty-bbq.com\\\/cms\\\/wp-content\\\/uploads\\\/2018\\\/10\\\/BettyBBQ-Logo.png\",\"contentUrl\":\"https:\\\/\\\/betty-bbq.com\\\/cms\\\/wp-content\\\/uploads\\\/2018\\\/10\\\/BettyBBQ-Logo.png\",\"width\":365,\"height\":365,\"caption\":\"Betty BBQ\"},\"logo\":{\"@id\":\"https:\\\/\\\/betty-bbq.com\\\/cms\\\/wp-content\\\/uploads\\\/2018\\\/10\\\/BettyBBQ-Logo.png\"},\"sameAs\":[\"http:\\\/\\\/www.betty-bbq.de\"]}]}<\/script>\n<!-- \/ Yoast SEO plugin. -->","yoast_head_json":{"title":"Jobs - Betty BBQ","robots":{"index":"index","follow":"follow","max-snippet":"max-snippet:-1","max-image-preview":"max-image-preview:large","max-video-preview":"max-video-preview:-1"},"canonical":"https:\/\/betty-bbq.com\/cms\/jobs\/","og_locale":"de_DE","og_type":"article","og_title":"Jobs - Betty BBQ","og_description":"[vc_row][vc_column][vc_single_image image=&#8221;331&#8243; css_animation=&#8221;bounceInDown&#8221;][\/vc_column][\/vc_row][vc_row max_width=&#8221;50&#8243;][vc_column][vc_column_text] WE WANT YOU: Entertainment City-Touren Job bei Schwarzwald Drag Queen Betty BBQ gef\u00e4llig ? Wir, das Team rund um die Freiburger Drag Queen Betty BBQ, sind auf der Suche nach motivierten Tour-Guides\u00a0f\u00fcr unsere City- und Kneipen-Touren&hellip;","og_url":"https:\/\/betty-bbq.com\/cms\/jobs\/","og_site_name":"Betty BBQ","article_modified_time":"2022-09-28T12:30:15+00:00","twitter_card":"summary_large_image","twitter_misc":{"Gesch\u00e4tzte Lesezeit":"3\u00a0Minuten"},"schema":{"@context":"https:\/\/schema.org","@graph":[{"@type":"WebPage","@id":"https:\/\/betty-bbq.com\/cms\/jobs\/","url":"https:\/\/betty-bbq.com\/cms\/jobs\/","name":"Jobs - Betty BBQ","isPartOf":{"@id":"https:\/\/betty-bbq.com\/cms\/#website"},"datePublished":"2018-11-15T12:45:19+00:00","dateModified":"2022-09-28T12:30:15+00:00","breadcrumb":{"@id":"https:\/\/betty-bbq.com\/cms\/jobs\/#breadcrumb"},"inLanguage":"de","potentialAction":[{"@type":"ReadAction","target":["https:\/\/betty-bbq.com\/cms\/jobs\/"]}]},{"@type":"BreadcrumbList","@id":"https:\/\/betty-bbq.com\/cms\/jobs\/#breadcrumb","itemListElement":[{"@type":"ListItem","position":1,"name":"Startseite","item":"https:\/\/betty-bbq.com\/cms\/"},{"@type":"ListItem","position":2,"name":"Jobs"}]},{"@type":"WebSite","@id":"https:\/\/betty-bbq.com\/cms\/#website","url":"https:\/\/betty-bbq.com\/cms\/","name":"Fr\u00e4ulein Betty BBQ - Schwarzwald Drag Queen, Schorlek\u00f6nigin, Entertainerin","description":"Betty BBQ Travestie &amp; Entertainment","publisher":{"@id":"https:\/\/betty-bbq.com\/cms\/#\/schema\/person\/6e6c45463a3cf44a5334be285fffb4b1"},"potentialAction":[{"@type":"SearchAction","target":{"@type":"EntryPoint","urlTemplate":"https:\/\/betty-bbq.com\/cms\/?s={search_term_string}"},"query-input":{"@type":"PropertyValueSpecification","valueRequired":true,"valueName":"search_term_string"}}],"inLanguage":"de"},{"@type":["Person","Organization"],"@id":"https:\/\/betty-bbq.com\/cms\/#\/schema\/person\/6e6c45463a3cf44a5334be285fffb4b1","name":"Betty BBQ","image":{"@type":"ImageObject","inLanguage":"de","@id":"https:\/\/betty-bbq.com\/cms\/wp-content\/uploads\/2018\/10\/BettyBBQ-Logo.png","url":"https:\/\/betty-bbq.com\/cms\/wp-content\/uploads\/2018\/10\/BettyBBQ-Logo.png","contentUrl":"https:\/\/betty-bbq.com\/cms\/wp-content\/uploads\/2018\/10\/BettyBBQ-Logo.png","width":365,"height":365,"caption":"Betty BBQ"},"logo":{"@id":"https:\/\/betty-bbq.com\/cms\/wp-content\/uploads\/2018\/10\/BettyBBQ-Logo.png"},"sameAs":["http:\/\/www.betty-bbq.de"]}]}},"jetpack_sharing_enabled":true,"_links":{"self":[{"href":"https:\/\/betty-bbq.com\/cms\/wp-json\/wp\/v2\/pages\/300","targetHints":{"allow":["GET"]}}],"collection":[{"href":"https:\/\/betty-bbq.com\/cms\/wp-json\/wp\/v2\/pages"}],"about":[{"href":"https:\/\/betty-bbq.com\/cms\/wp-json\/wp\/v2\/types\/page"}],"author":[{"embeddable":true,"href":"https:\/\/betty-bbq.com\/cms\/wp-json\/wp\/v2\/users\/2"}],"replies":[{"embeddable":true,"href":"https:\/\/betty-bbq.com\/cms\/wp-json\/wp\/v2\/comments?post=300"}],"version-history":[{"count":11,"href":"https:\/\/betty-bbq.com\/cms\/wp-json\/wp\/v2\/pages\/300\/revisions"}],"predecessor-version":[{"id":3097,"href":"https:\/\/betty-bbq.com\/cms\/wp-json\/wp\/v2\/pages\/300\/revisions\/3097"}],"wp:attachment":[{"href":"https:\/\/betty-bbq.com\/cms\/wp-json\/wp\/v2\/media?parent=300"}],"curies":[{"name":"wp","href":"https:\/\/api.w.org\/{rel}","templated":true}]}}