{"id":525,"date":"2019-06-24T15:53:40","date_gmt":"2019-06-24T13:53:40","guid":{"rendered":"https:\/\/betty-bbq.com\/cms\/?page_id=525"},"modified":"2020-07-07T09:59:10","modified_gmt":"2020-07-07T07:59:10","slug":"ehrenamt-herzenssachen","status":"publish","type":"page","link":"https:\/\/betty-bbq.com\/cms\/ehrenamt-herzenssachen\/","title":{"rendered":"Ehrenamt | Herzenssachen"},"content":{"rendered":"[vc_section][vc_row][vc_column][vc_single_image image=&#8221;340&#8243; css_animation=&#8221;bounceInDown&#8221;][\/vc_column][\/vc_row][\/vc_section][vc_row max_width=&#8221;50&#8243;][vc_column][vc_empty_space height=&#8221;20px&#8221;][vc_column_text]\n<h1><\/h1>\n<h1>Betty BBQ und ihr Team engagieren sich vielf\u00e4ltig im Ehrenamt.<\/h1>\n<p><strong>Besondere Herzensangelegenheit ist Betty BBQ hierbei die Unterst\u00fctzung der AIDS-Hilfen, insbesondere auch das Pr\u00e4ventionsprojektes &#8220;Gentle Man&#8221;.<\/strong><\/p>\n<p>Gentle Man ist ein Projekt der AIDS-Hilfe Baden-W\u00fcrttemberg e.V. und der regionalen AIDS-Hilfen f\u00fcr M\u00e4nner, die mit M\u00e4nnern Sex haben (MSM). Der Schwerpunkt liegt in der Pr\u00e4vention und Beratung zu Themen HIV und andere sexuell \u00fcbertragbare Erkrankungen, aber auch Safer Sex, Coming Out und Sexualit\u00e4t allgemein. Neben den hauptamtlichen Mitarbeitern engagieren sich Ehrenamtliche in verschiedensten Projekten und Aktionen an unterschiedlichen Orten wie zum Beispiel bei Partys, in Saunen, in Cruising-Areas und auf CSDs in ganz Baden-W\u00fcrttemberg.<\/p>\n<p>Weitere Informationen zu Gentle man unter:\u00a0<a href=\"https:\/\/www.aidshilfe-bw.de\/de\/gentle-man-baden-wuerttemberg\">https:\/\/www.aidshilfe-bw.de\/de\/gentle-man-baden-wuerttemberg<\/a><\/p>\n<p>Informationen zu den AIDS-Hilfen in Deutschland unter:\u00a0<a href=\"https:\/\/www.aidshilfe.de\/?pk_campaign=cpc&amp;pk_kwd=aids%20auf%20deutsch\">https:\/\/www.aidshilfe.de\/?pk_campaign=cpc&amp;pk_kwd=aids%20auf%20deutsch<\/a><\/p>\n<p><strong>Betty will&#8217;s wissen&#8221; ist eine Videoserie des Pr\u00e4ventionsprojektes Gentle Man der AIDS-Hilfe Baden-W\u00fcrttemberg. Schwarzwald-Drag Queen Betty BBQ moderiert charmant,\u00a0 informativ und bringt uns die Arbeitsbereiche des Projektes Gentle Man n\u00e4her.<\/strong>[\/vc_column_text][\/vc_column][\/vc_row][vc_row][vc_column][vc_empty_space height=&#8221;10px&#8221;][\/vc_column][\/vc_row][vc_row max_width=&#8221;50&#8243;][vc_column][vc_video link=&#8221;https:\/\/www.youtube.com\/watch?v=9bousmL4qKo&#8221; title=&#8221;Betty will&#8217;s wissen &#8211; Gentle Man Baden-W\u00fcrttemberg&#8221;][vc_empty_space height=&#8221;10px&#8221;][\/vc_column][\/vc_row][vc_row][vc_column][vc_empty_space height=&#8221;10px&#8221;][\/vc_column][\/vc_row][vc_row max_width=&#8221;50&#8243;][vc_column][vc_video link=&#8221;https:\/\/www.youtube.com\/watch?v=ad79kcSqzYQ&#8221; title=&#8221;Betty will&#8217;s wissen &#8211; Safer Sex 3.0&#8243;][\/vc_column][\/vc_row][vc_row][vc_column][vc_empty_space height=&#8221;10px&#8221;][\/vc_column][\/vc_row][vc_row max_width=&#8221;50&#8243;][vc_column][vc_video link=&#8221;https:\/\/www.youtube.com\/watch?v=FlKkOzo9iC4&#8243; title=&#8221;Betty will&#8217;s wissen &#8211; Psychisches Wohlbefinden&#8221;][\/vc_column][\/vc_row][vc_row][vc_column][vc_empty_space height=&#8221;10px&#8221;][\/vc_column][\/vc_row][vc_row max_width=&#8221;50&#8243;][vc_column][vc_video link=&#8221;https:\/\/www.youtube.com\/watch?v=MVOVmDLSosM&#8221; title=&#8221;Betty will&#8217;s wissen &#8211; Coming Out&#8221;][\/vc_column][\/vc_row][vc_row][vc_column][vc_empty_space height=&#8221;10px&#8221;][\/vc_column][\/vc_row][vc_row max_width=&#8221;50&#8243;][vc_column][vc_video link=&#8221;https:\/\/www.youtube.com\/watch?v=BRRVn4Gbdl0&#8243; title=&#8221;Betty will&#8217;s wissen &#8211; Coming Out Geschichte Swen&#8221;][\/vc_column][\/vc_row]\n","protected":false},"excerpt":{"rendered":"<p>[vc_section][vc_row][vc_column][vc_single_image image=&#8221;340&#8243; css_animation=&#8221;bounceInDown&#8221;][\/vc_column][\/vc_row][\/vc_section][vc_row max_width=&#8221;50&#8243;][vc_column][vc_empty_space height=&#8221;20px&#8221;][vc_column_text] Betty BBQ und ihr Team engagieren sich vielf\u00e4ltig im Ehrenamt. Besondere Herzensangelegenheit ist Betty BBQ hierbei die Unterst\u00fctzung der AIDS-Hilfen, insbesondere auch das Pr\u00e4ventionsprojektes &#8220;Gentle Man&#8221;. Gentle Man ist ein Projekt der AIDS-Hilfe Baden-W\u00fcrttemberg e.V.&hellip;<\/p>\n","protected":false},"author":2,"featured_media":0,"parent":0,"menu_order":0,"comment_status":"closed","ping_status":"closed","template":"","meta":{"footnotes":""},"class_list":["post-525","page","type-page","status-publish","hentry","entry","no-media"],"yoast_head":"<!-- This site is optimized with the Yoast SEO plugin v27.6 - https:\/\/yoast.com\/product\/yoast-seo-wordpress\/ -->\n<title>Ehrenamt | Herzenssachen - Betty BBQ<\/title>\n<meta name=\"robots\" content=\"index, follow, max-snippet:-1, max-image-preview:large, max-video-preview:-1\" \/>\n<link rel=\"canonical\" href=\"https:\/\/betty-bbq.com\/cms\/ehrenamt-herzenssachen\/\" \/>\n<meta property=\"og:locale\" content=\"de_DE\" \/>\n<meta property=\"og:type\" content=\"article\" \/>\n<meta property=\"og:title\" content=\"Ehrenamt | Herzenssachen - Betty BBQ\" \/>\n<meta property=\"og:description\" content=\"[vc_section][vc_row][vc_column][vc_single_image image=&#8221;340&#8243; css_animation=&#8221;bounceInDown&#8221;][\/vc_column][\/vc_row][\/vc_section][vc_row max_width=&#8221;50&#8243;][vc_column][vc_empty_space height=&#8221;20px&#8221;][vc_column_text] Betty BBQ und ihr Team engagieren sich vielf\u00e4ltig im Ehrenamt. Besondere Herzensangelegenheit ist Betty BBQ hierbei die Unterst\u00fctzung der AIDS-Hilfen, insbesondere auch das Pr\u00e4ventionsprojektes &#8220;Gentle Man&#8221;. Gentle Man ist ein Projekt der AIDS-Hilfe Baden-W\u00fcrttemberg e.V.&hellip;\" \/>\n<meta property=\"og:url\" content=\"https:\/\/betty-bbq.com\/cms\/ehrenamt-herzenssachen\/\" \/>\n<meta property=\"og:site_name\" content=\"Betty BBQ\" \/>\n<meta property=\"article:modified_time\" content=\"2020-07-07T07:59:10+00:00\" \/>\n<meta name=\"twitter:card\" content=\"summary_large_image\" \/>\n<meta name=\"twitter:label1\" content=\"Gesch\u00e4tzte Lesezeit\" \/>\n\t<meta name=\"twitter:data1\" content=\"2\u00a0Minuten\" \/>\n<script type=\"application\/ld+json\" class=\"yoast-schema-graph\">{\"@context\":\"https:\\\/\\\/schema.org\",\"@graph\":[{\"@type\":\"WebPage\",\"@id\":\"https:\\\/\\\/betty-bbq.com\\\/cms\\\/ehrenamt-herzenssachen\\\/\",\"url\":\"https:\\\/\\\/betty-bbq.com\\\/cms\\\/ehrenamt-herzenssachen\\\/\",\"name\":\"Ehrenamt | Herzenssachen - Betty BBQ\",\"isPartOf\":{\"@id\":\"https:\\\/\\\/betty-bbq.com\\\/cms\\\/#website\"},\"datePublished\":\"2019-06-24T13:53:40+00:00\",\"dateModified\":\"2020-07-07T07:59:10+00:00\",\"breadcrumb\":{\"@id\":\"https:\\\/\\\/betty-bbq.com\\\/cms\\\/ehrenamt-herzenssachen\\\/#breadcrumb\"},\"inLanguage\":\"de\",\"potentialAction\":[{\"@type\":\"ReadAction\",\"target\":[\"https:\\\/\\\/betty-bbq.com\\\/cms\\\/ehrenamt-herzenssachen\\\/\"]}]},{\"@type\":\"BreadcrumbList\",\"@id\":\"https:\\\/\\\/betty-bbq.com\\\/cms\\\/ehrenamt-herzenssachen\\\/#breadcrumb\",\"itemListElement\":[{\"@type\":\"ListItem\",\"position\":1,\"name\":\"Startseite\",\"item\":\"https:\\\/\\\/betty-bbq.com\\\/cms\\\/\"},{\"@type\":\"ListItem\",\"position\":2,\"name\":\"Ehrenamt | Herzenssachen\"}]},{\"@type\":\"WebSite\",\"@id\":\"https:\\\/\\\/betty-bbq.com\\\/cms\\\/#website\",\"url\":\"https:\\\/\\\/betty-bbq.com\\\/cms\\\/\",\"name\":\"Fr\u00e4ulein Betty BBQ - Schwarzwald Drag Queen, Schorlek\u00f6nigin, Entertainerin\",\"description\":\"Betty BBQ Travestie &amp; Entertainment\",\"publisher\":{\"@id\":\"https:\\\/\\\/betty-bbq.com\\\/cms\\\/#\\\/schema\\\/person\\\/6e6c45463a3cf44a5334be285fffb4b1\"},\"potentialAction\":[{\"@type\":\"SearchAction\",\"target\":{\"@type\":\"EntryPoint\",\"urlTemplate\":\"https:\\\/\\\/betty-bbq.com\\\/cms\\\/?s={search_term_string}\"},\"query-input\":{\"@type\":\"PropertyValueSpecification\",\"valueRequired\":true,\"valueName\":\"search_term_string\"}}],\"inLanguage\":\"de\"},{\"@type\":[\"Person\",\"Organization\"],\"@id\":\"https:\\\/\\\/betty-bbq.com\\\/cms\\\/#\\\/schema\\\/person\\\/6e6c45463a3cf44a5334be285fffb4b1\",\"name\":\"Betty BBQ\",\"image\":{\"@type\":\"ImageObject\",\"inLanguage\":\"de\",\"@id\":\"https:\\\/\\\/betty-bbq.com\\\/cms\\\/wp-content\\\/uploads\\\/2018\\\/10\\\/BettyBBQ-Logo.png\",\"url\":\"https:\\\/\\\/betty-bbq.com\\\/cms\\\/wp-content\\\/uploads\\\/2018\\\/10\\\/BettyBBQ-Logo.png\",\"contentUrl\":\"https:\\\/\\\/betty-bbq.com\\\/cms\\\/wp-content\\\/uploads\\\/2018\\\/10\\\/BettyBBQ-Logo.png\",\"width\":365,\"height\":365,\"caption\":\"Betty BBQ\"},\"logo\":{\"@id\":\"https:\\\/\\\/betty-bbq.com\\\/cms\\\/wp-content\\\/uploads\\\/2018\\\/10\\\/BettyBBQ-Logo.png\"},\"sameAs\":[\"http:\\\/\\\/www.betty-bbq.de\"]}]}<\/script>\n<!-- \/ Yoast SEO plugin. -->","yoast_head_json":{"title":"Ehrenamt | Herzenssachen - Betty BBQ","robots":{"index":"index","follow":"follow","max-snippet":"max-snippet:-1","max-image-preview":"max-image-preview:large","max-video-preview":"max-video-preview:-1"},"canonical":"https:\/\/betty-bbq.com\/cms\/ehrenamt-herzenssachen\/","og_locale":"de_DE","og_type":"article","og_title":"Ehrenamt | Herzenssachen - Betty BBQ","og_description":"[vc_section][vc_row][vc_column][vc_single_image image=&#8221;340&#8243; css_animation=&#8221;bounceInDown&#8221;][\/vc_column][\/vc_row][\/vc_section][vc_row max_width=&#8221;50&#8243;][vc_column][vc_empty_space height=&#8221;20px&#8221;][vc_column_text] Betty BBQ und ihr Team engagieren sich vielf\u00e4ltig im Ehrenamt. Besondere Herzensangelegenheit ist Betty BBQ hierbei die Unterst\u00fctzung der AIDS-Hilfen, insbesondere auch das Pr\u00e4ventionsprojektes &#8220;Gentle Man&#8221;. Gentle Man ist ein Projekt der AIDS-Hilfe Baden-W\u00fcrttemberg e.V.&hellip;","og_url":"https:\/\/betty-bbq.com\/cms\/ehrenamt-herzenssachen\/","og_site_name":"Betty BBQ","article_modified_time":"2020-07-07T07:59:10+00:00","twitter_card":"summary_large_image","twitter_misc":{"Gesch\u00e4tzte Lesezeit":"2\u00a0Minuten"},"schema":{"@context":"https:\/\/schema.org","@graph":[{"@type":"WebPage","@id":"https:\/\/betty-bbq.com\/cms\/ehrenamt-herzenssachen\/","url":"https:\/\/betty-bbq.com\/cms\/ehrenamt-herzenssachen\/","name":"Ehrenamt | Herzenssachen - Betty BBQ","isPartOf":{"@id":"https:\/\/betty-bbq.com\/cms\/#website"},"datePublished":"2019-06-24T13:53:40+00:00","dateModified":"2020-07-07T07:59:10+00:00","breadcrumb":{"@id":"https:\/\/betty-bbq.com\/cms\/ehrenamt-herzenssachen\/#breadcrumb"},"inLanguage":"de","potentialAction":[{"@type":"ReadAction","target":["https:\/\/betty-bbq.com\/cms\/ehrenamt-herzenssachen\/"]}]},{"@type":"BreadcrumbList","@id":"https:\/\/betty-bbq.com\/cms\/ehrenamt-herzenssachen\/#breadcrumb","itemListElement":[{"@type":"ListItem","position":1,"name":"Startseite","item":"https:\/\/betty-bbq.com\/cms\/"},{"@type":"ListItem","position":2,"name":"Ehrenamt | Herzenssachen"}]},{"@type":"WebSite","@id":"https:\/\/betty-bbq.com\/cms\/#website","url":"https:\/\/betty-bbq.com\/cms\/","name":"Fr\u00e4ulein Betty BBQ - Schwarzwald Drag Queen, Schorlek\u00f6nigin, Entertainerin","description":"Betty BBQ Travestie &amp; Entertainment","publisher":{"@id":"https:\/\/betty-bbq.com\/cms\/#\/schema\/person\/6e6c45463a3cf44a5334be285fffb4b1"},"potentialAction":[{"@type":"SearchAction","target":{"@type":"EntryPoint","urlTemplate":"https:\/\/betty-bbq.com\/cms\/?s={search_term_string}"},"query-input":{"@type":"PropertyValueSpecification","valueRequired":true,"valueName":"search_term_string"}}],"inLanguage":"de"},{"@type":["Person","Organization"],"@id":"https:\/\/betty-bbq.com\/cms\/#\/schema\/person\/6e6c45463a3cf44a5334be285fffb4b1","name":"Betty BBQ","image":{"@type":"ImageObject","inLanguage":"de","@id":"https:\/\/betty-bbq.com\/cms\/wp-content\/uploads\/2018\/10\/BettyBBQ-Logo.png","url":"https:\/\/betty-bbq.com\/cms\/wp-content\/uploads\/2018\/10\/BettyBBQ-Logo.png","contentUrl":"https:\/\/betty-bbq.com\/cms\/wp-content\/uploads\/2018\/10\/BettyBBQ-Logo.png","width":365,"height":365,"caption":"Betty BBQ"},"logo":{"@id":"https:\/\/betty-bbq.com\/cms\/wp-content\/uploads\/2018\/10\/BettyBBQ-Logo.png"},"sameAs":["http:\/\/www.betty-bbq.de"]}]}},"jetpack_sharing_enabled":true,"_links":{"self":[{"href":"https:\/\/betty-bbq.com\/cms\/wp-json\/wp\/v2\/pages\/525","targetHints":{"allow":["GET"]}}],"collection":[{"href":"https:\/\/betty-bbq.com\/cms\/wp-json\/wp\/v2\/pages"}],"about":[{"href":"https:\/\/betty-bbq.com\/cms\/wp-json\/wp\/v2\/types\/page"}],"author":[{"embeddable":true,"href":"https:\/\/betty-bbq.com\/cms\/wp-json\/wp\/v2\/users\/2"}],"replies":[{"embeddable":true,"href":"https:\/\/betty-bbq.com\/cms\/wp-json\/wp\/v2\/comments?post=525"}],"version-history":[{"count":10,"href":"https:\/\/betty-bbq.com\/cms\/wp-json\/wp\/v2\/pages\/525\/revisions"}],"predecessor-version":[{"id":576,"href":"https:\/\/betty-bbq.com\/cms\/wp-json\/wp\/v2\/pages\/525\/revisions\/576"}],"wp:attachment":[{"href":"https:\/\/betty-bbq.com\/cms\/wp-json\/wp\/v2\/media?parent=525"}],"curies":[{"name":"wp","href":"https:\/\/api.w.org\/{rel}","templated":true}]}}