{"id":68,"date":"2018-10-30T12:40:32","date_gmt":"2018-10-30T11:40:32","guid":{"rendered":"https:\/\/betty-bbq.com\/cms\/?page_id=68"},"modified":"2025-09-27T00:14:41","modified_gmt":"2025-09-26T22:14:41","slug":"weihnachts-city-tour","status":"publish","type":"page","link":"https:\/\/betty-bbq.com\/cms\/weihnachts-city-tour\/","title":{"rendered":"Weihnachts-City-Tour"},"content":{"rendered":"[vc_row][vc_column][vc_single_image image=&#8221;3297&#8243; css_animation=&#8221;bounceInDown&#8221;][\/vc_column][\/vc_row][vc_row max_width=&#8221;50&#8243;][vc_column][vc_column_text]\n<h3>Exklusiv zur Weihnachtszeit: Kling, Gl\u00fchwein, klingelingeling \u2013 die Weihnachts-Show-Tour mit Betty BBQ<\/h3>\n<p><span style=\"color: #ff0000;\"><em><strong>In \u00f6ffentlicher und exklusiver Durchf\u00fchrung buchbar.<\/strong><\/em><\/span><\/p>\n<p><span style=\"color: #000000;\"><em>Die Durchf\u00fchrung dieser City-Tour ist unabh\u00e4ngig vom Freiburger Weihnachtsmarkt und findet auch statt, wenn der Freiburger Weihnachtsmarkt ausf\u00e4llt\/beendet wird !<\/em><\/span><\/p>\n<p>Mit einem Feuerwerk an Gags und festlichem \u201eSchallala\u201c stimmt euch Schwarzwald Drag Queen <strong data-start=\"523\" data-end=\"536\">Betty BBQ<\/strong> auf die sch\u00f6nste Zeit des Jahres ein. Die Stra\u00dfen Freiburgs verwandeln sich in die B\u00fchne einer hinrei\u00dfenden Mischung aus Travestie, Comedy und weihnachtlicher Kleinkunst-Show.<\/p>\n<p>Betty BBQ erz\u00e4hlt mit ihrem ganz eigenen Humor von den kleinen und gro\u00dfen Wirren der Weihnachtszeit, von Bowle, Gl\u00fchwein und dem unvermeidlichen Christmas-Schwips. Dabei geht sie mit viel Charme und einer guten Portion Selbstironie den Fragen nach, ob ein auf der Weihnachtsfeier gezeugtes Baby eigentlich ein \u201ePunschkind\u201c ist, wie es sich anf\u00fchlt, wenn nicht nur der Baum alle Lampen an hat und weshalb Freiburg einen so besonderen Weihnachtsmarkt hat.<\/p>\n<ul>\n<li>\u00a0<strong data-start=\"1173\" data-end=\"1217\">Eine Travestie-Show im \u00f6ffentlichen Raum<\/strong> \u2013 mit festlich-humorvoller Note<\/li>\n<li>Gef\u00fchrt von Schwarzwald Drag Queen <strong>Betty BBQ<\/strong> pers\u00f6nlich!<\/li>\n<li>Bei dieser City-Tour werden keine Snacks und Getr\u00e4nke gereicht (auch kein Gl\u00fchwein\/Punsch).<\/li>\n<li>Dies ist keine Kneipentour. Hierf\u00fcr empfehlen wir die Buchung unseres <a href=\"https:\/\/betty-bbq.com\/cms\/pub-crawl-freiburg-die-freiburger-kneipentour\/\">Pub Crawls \u2013 die Kneipentour ohne Betty.<\/a><\/li>\n<li>Dauer der F\u00fchrung rund 80 Minuten<\/li>\n<li><strong>Teilnahme bei allen unseren City-Touren erst ab 18 Jahren.<\/strong> Personen unter 18 Jahren k\u00f6nnen nicht teilnehmen, auch nicht in Begleitung von Erziehungspersonen oder Aufsichtspersonen.<\/li>\n<li>Die Gruppengr\u00f6\u00dfe bei City-Touren mit Betty BBQ umfasst in der Regel zwischen 20 und 45 Personen.<\/li>\n<li>Bitte beachtet unsere <a href=\"https:\/\/betty-bbq.com\/cms\/regeln\/\" target=\"_blank\" rel=\"noopener noreferrer\">Regeln f\u00fcr die Teilnahme an City- und Kneipen-Touren<\/a>.<\/li>\n<li><strong>Bitte beachtet f\u00fcr alle City-Touren unsere <a href=\"https:\/\/betty-bbq.com\/cms\/corona\/\" target=\"_blank\" rel=\"noopener noreferrer\">durch das Coronavirus bedingten Hinweise<\/a>.<\/strong><\/li>\n<\/ul>\n[\/vc_column_text][vc_empty_space][vc_single_image image=&#8221;343&#8243; img_size=&#8221;large&#8221; css_animation=&#8221;flipInX&#8221; alignment=&#8221;center&#8221; img_hover=&#8221;side-pan&#8221;][vc_empty_space][\/vc_column][\/vc_row][vc_row content_placement=&#8221;middle&#8221; max_width=&#8221;50&#8243;][vc_column][vc_column_text]<span style=\"text-decoration: underline;\"><strong>Bitte beachten:<\/strong> <\/span><\/p>\n<p><strong>Tickets f\u00fcr \u00f6ffentliche Touren<\/strong> sind haupts\u00e4chlich \u00fcber unseren Vorverkaufspartner Reservix zu erwerben. Dazu unten weitere Informationen. Tickets f\u00fcr \u00f6ffentliche City-Touren k\u00f6nnen im Vorverkauf bis sp\u00e4testens 16 Uhr am Veranstaltungstag erworben werden.<strong>\u00a0<\/strong><\/p>\n<p><strong>Anfragen f\u00fcr Exklusiv-\/Privat-Touren (z.B. f\u00fcr JGAs, Betriebsfeiern, Gruppenausfl\u00fcge, Geburtstage uvm.)<\/strong>\u00a0k\u00f6nnt ihr unverbindlich \u00fcber den <a href=\"https:\/\/betty-bbq.com\/cms\/kontakt\/\" target=\"_blank\" rel=\"noopener noreferrer\">Kontakt an das Betty BBQ B\u00fcro<\/a> anfragen (bitte schreibt uns <strong>exakt, an welcher\/n Tour\/en Ihr Interesse habt, an welchem Tag und Datum, zu welchem Anlass und die Anzahl der Personen<\/strong>). Gerne unterbreiten wir euch sodann ein auf eure Bed\u00fcrfnisse angepasstest Angebot.<\/p>\n<p>Immer hilfreich ist auch die <a href=\"https:\/\/betty-bbq.com\/cms\/faq\/\" target=\"_blank\" rel=\"noopener noreferrer\">\u00dcbersicht der h\u00e4ufig gestellten Fragen (FAQ)<\/a>.[\/vc_column_text][\/vc_column][\/vc_row][vc_row max_width=&#8221;50&#8243;][vc_column width=&#8221;1\/6&#8243;][vc_single_image image=&#8221;116&#8243; css_animation=&#8221;flipInX&#8221; alignment=&#8221;center&#8221; onclick=&#8221;custom_link&#8221; img_link_target=&#8221;_blank&#8221; link=&#8221;https:\/\/betty-bbq.reservix.de\/p\/reservix\/group\/214954&#8243; img_hover=&#8221;grow&#8221;][\/vc_column][vc_column width=&#8221;5\/6&#8243;][vc_column_text]<strong>Tickets f\u00fcr \u00f6ffentliche Touren haupts\u00e4chlich im Vorverkauf \u00fcber Reservix!<\/strong><\/p>\n<p><strong><em>F\u00fcr Termine und Tickets einfach links auf den Button klicken.<\/em><\/strong><\/p>\n<p><span style=\"font-weight: 400;\">Vorverkauf auch bei allen<\/span><span style=\"font-weight: 400;\">\u00a0<\/span><a href=\"https:\/\/shop.reservix.de\/vorverkaufsstellen\"><span style=\"font-weight: 400;\">Reservix Vorverkaufsstellen<\/span><\/a><span style=\"font-weight: 400;\">, wie z.B. auch der <\/span><a href=\"https:\/\/visit.freiburg.de\/freiburg-informieren\/tourist-information\"><span style=\"font-weight: 400;\">Tourist Information der Stadt Freiburg<\/span><\/a><span style=\"font-weight: 400;\">, dem <\/span><a href=\"http:\/\/bz-ticket.de\/suche\/ergebnis?q=betty%20bbq&amp;type=1&amp;sort=datum&amp;bookable=1\"><span style=\"font-weight: 400;\">Ticketservice der Badischen Zeitung<\/span><\/a><span style=\"font-weight: 400;\"> in der Freiburger <\/span><a href=\"https:\/\/www.google.de\/maps\/dir\/''\/adresse+bz+ticket\/@47.9938324,7.7791067,12z\/data=!4m8!4m7!1m0!1m5!1m1!1s0x47911c9eb9554693:0xfbef6f00f06dbda5!2m2!1d7.8491464!2d47.9938537\"><span style=\"font-weight: 400;\">Innenstadt<\/span><\/a><span style=\"font-weight: 400;\"> sowie bei der <\/span><a href=\"https:\/\/www.reservix.de\/ticket-hotline\"><span style=\"font-weight: 400;\">Reservix-Tickethotline<\/span><\/a><span style=\"font-weight: 400;\">. <\/span>Eine \u00f6ffentliche City-Tour findet nur statt, wenn diese im Vorverkauf bereits gebucht wurde.<\/p>\n<p><em>Ihr wollt eine Durchf\u00fchrungsgarantie haben? Dann empfehlen wir den Erwerb der Tickets im Vorverkauf.<\/em>[\/vc_column_text][\/vc_column][\/vc_row][vc_row max_width=&#8221;50&#8243;][vc_column width=&#8221;1\/6&#8243;][vc_single_image image=&#8221;184&#8243; css_animation=&#8221;flipInX&#8221; alignment=&#8221;center&#8221; onclick=&#8221;custom_link&#8221; img_link_target=&#8221;_blank&#8221; link=&#8221;https:\/\/betty-bbq.reservix.de\/artikel&#8221; img_hover=&#8221;grow&#8221;][\/vc_column][vc_column width=&#8221;5\/6&#8243;][vc_column_text]<strong>Die Geschenkidee<\/strong><\/p>\n<p>f\u00fcr Freunde, Familie und Kollegen: Ob zu Weihnachten, Ostern, zum Geburtstag, Junggesellenabschied, Jubil\u00e4um, Hochzeit oder Scheidung\u2013 mit einem <strong>Gutschein<\/strong> f\u00fcr Betty BBQ City &amp; Kneipen Touren liegt man immer genau richtig!<\/p>\n<p><em>F\u00fcr Gutscheine einfach auf den Button links dr\u00fccken.<\/em><\/p>\n<p>&nbsp;<\/p>\n<p><span style=\"color: #000000;\"><strong>Oder doch auf der Suche nach kreativen Geschenken? Da haben wir etwas!<\/strong><\/span><\/p>\n<p>Tolle und originelle Produkte aus dem Hause Betty BBQ k\u00f6nnen in unserem <a href=\"https:\/\/betty-bbq.com\/cms\/shop\/\">Webshop<\/a> online erworben werden. Schaut doch einmal <a href=\"https:\/\/betty-bbq.com\/cms\/shop\/\">hier vorbei<\/a>!<\/p>\n<p><span style=\"font-weight: 400;\">An ausgew\u00e4hlten Tagen (haupts\u00e4chlich in der Sommerzeit Freitag und Samstag nachmittags bei gutem Wetter) erfolgt auch vor Ort am <a href=\"https:\/\/goo.gl\/maps\/v5bz8H3DouxFLgZz6\" target=\"_blank\" rel=\"noopener noreferrer\">Betty BBQ Meeting Point (Franziskanerstra\u00dfe 11, 79098 Freiburg)<\/a> ein Verkauf von ausgew\u00e4hlten Betty BBQ-Produkten. Ebenso gibt es in der Regel nach den City-Touren mit Betty BBQ die M\u00f6glichkeit, ausgew\u00e4hlte Betty BBQ-Produkte direkt vor Ort k\u00e4uflich zu erwerben.<\/span>[\/vc_column_text][\/vc_column][\/vc_row]\n","protected":false},"excerpt":{"rendered":"<p>[vc_row][vc_column][vc_single_image image=&#8221;3297&#8243; css_animation=&#8221;bounceInDown&#8221;][\/vc_column][\/vc_row][vc_row max_width=&#8221;50&#8243;][vc_column][vc_column_text] Exklusiv zur Weihnachtszeit: Kling, Gl\u00fchwein, klingelingeling \u2013 die Weihnachts-Show-Tour mit Betty BBQ In \u00f6ffentlicher und exklusiver Durchf\u00fchrung buchbar. Die Durchf\u00fchrung dieser City-Tour ist unabh\u00e4ngig vom Freiburger Weihnachtsmarkt und findet auch statt, wenn der Freiburger Weihnachtsmarkt ausf\u00e4llt\/beendet&hellip;<\/p>\n","protected":false},"author":1,"featured_media":0,"parent":0,"menu_order":0,"comment_status":"closed","ping_status":"closed","template":"","meta":{"footnotes":""},"class_list":["post-68","page","type-page","status-publish","hentry","entry","no-media"],"yoast_head":"<!-- This site is optimized with the Yoast SEO plugin v27.5 - https:\/\/yoast.com\/product\/yoast-seo-wordpress\/ -->\n<title>Weihnachts-City-Tour - Betty BBQ<\/title>\n<meta name=\"robots\" content=\"index, follow, max-snippet:-1, max-image-preview:large, max-video-preview:-1\" \/>\n<link rel=\"canonical\" href=\"https:\/\/betty-bbq.com\/cms\/weihnachts-city-tour\/\" \/>\n<meta property=\"og:locale\" content=\"de_DE\" \/>\n<meta property=\"og:type\" content=\"article\" \/>\n<meta property=\"og:title\" content=\"Weihnachts-City-Tour - Betty BBQ\" \/>\n<meta property=\"og:description\" content=\"[vc_row][vc_column][vc_single_image image=&#8221;3297&#8243; css_animation=&#8221;bounceInDown&#8221;][\/vc_column][\/vc_row][vc_row max_width=&#8221;50&#8243;][vc_column][vc_column_text] Exklusiv zur Weihnachtszeit: Kling, Gl\u00fchwein, klingelingeling \u2013 die Weihnachts-Show-Tour mit Betty BBQ In \u00f6ffentlicher und exklusiver Durchf\u00fchrung buchbar. Die Durchf\u00fchrung dieser City-Tour ist unabh\u00e4ngig vom Freiburger Weihnachtsmarkt und findet auch statt, wenn der Freiburger Weihnachtsmarkt ausf\u00e4llt\/beendet&hellip;\" \/>\n<meta property=\"og:url\" content=\"https:\/\/betty-bbq.com\/cms\/weihnachts-city-tour\/\" \/>\n<meta property=\"og:site_name\" content=\"Betty BBQ\" \/>\n<meta property=\"article:modified_time\" content=\"2025-09-26T22:14:41+00:00\" \/>\n<meta name=\"twitter:card\" content=\"summary_large_image\" \/>\n<meta name=\"twitter:label1\" content=\"Gesch\u00e4tzte Lesezeit\" \/>\n\t<meta name=\"twitter:data1\" content=\"4\u00a0Minuten\" \/>\n<script type=\"application\/ld+json\" class=\"yoast-schema-graph\">{\"@context\":\"https:\\\/\\\/schema.org\",\"@graph\":[{\"@type\":\"WebPage\",\"@id\":\"https:\\\/\\\/betty-bbq.com\\\/cms\\\/weihnachts-city-tour\\\/\",\"url\":\"https:\\\/\\\/betty-bbq.com\\\/cms\\\/weihnachts-city-tour\\\/\",\"name\":\"Weihnachts-City-Tour - Betty BBQ\",\"isPartOf\":{\"@id\":\"https:\\\/\\\/betty-bbq.com\\\/cms\\\/#website\"},\"datePublished\":\"2018-10-30T11:40:32+00:00\",\"dateModified\":\"2025-09-26T22:14:41+00:00\",\"breadcrumb\":{\"@id\":\"https:\\\/\\\/betty-bbq.com\\\/cms\\\/weihnachts-city-tour\\\/#breadcrumb\"},\"inLanguage\":\"de\",\"potentialAction\":[{\"@type\":\"ReadAction\",\"target\":[\"https:\\\/\\\/betty-bbq.com\\\/cms\\\/weihnachts-city-tour\\\/\"]}]},{\"@type\":\"BreadcrumbList\",\"@id\":\"https:\\\/\\\/betty-bbq.com\\\/cms\\\/weihnachts-city-tour\\\/#breadcrumb\",\"itemListElement\":[{\"@type\":\"ListItem\",\"position\":1,\"name\":\"Startseite\",\"item\":\"https:\\\/\\\/betty-bbq.com\\\/cms\\\/\"},{\"@type\":\"ListItem\",\"position\":2,\"name\":\"Weihnachts-City-Tour\"}]},{\"@type\":\"WebSite\",\"@id\":\"https:\\\/\\\/betty-bbq.com\\\/cms\\\/#website\",\"url\":\"https:\\\/\\\/betty-bbq.com\\\/cms\\\/\",\"name\":\"Fr\u00e4ulein Betty BBQ - Schwarzwald Drag Queen, Schorlek\u00f6nigin, Entertainerin\",\"description\":\"Betty BBQ Travestie &amp; Entertainment\",\"publisher\":{\"@id\":\"https:\\\/\\\/betty-bbq.com\\\/cms\\\/#\\\/schema\\\/person\\\/6e6c45463a3cf44a5334be285fffb4b1\"},\"potentialAction\":[{\"@type\":\"SearchAction\",\"target\":{\"@type\":\"EntryPoint\",\"urlTemplate\":\"https:\\\/\\\/betty-bbq.com\\\/cms\\\/?s={search_term_string}\"},\"query-input\":{\"@type\":\"PropertyValueSpecification\",\"valueRequired\":true,\"valueName\":\"search_term_string\"}}],\"inLanguage\":\"de\"},{\"@type\":[\"Person\",\"Organization\"],\"@id\":\"https:\\\/\\\/betty-bbq.com\\\/cms\\\/#\\\/schema\\\/person\\\/6e6c45463a3cf44a5334be285fffb4b1\",\"name\":\"Betty BBQ\",\"image\":{\"@type\":\"ImageObject\",\"inLanguage\":\"de\",\"@id\":\"https:\\\/\\\/betty-bbq.com\\\/cms\\\/wp-content\\\/uploads\\\/2018\\\/10\\\/BettyBBQ-Logo.png\",\"url\":\"https:\\\/\\\/betty-bbq.com\\\/cms\\\/wp-content\\\/uploads\\\/2018\\\/10\\\/BettyBBQ-Logo.png\",\"contentUrl\":\"https:\\\/\\\/betty-bbq.com\\\/cms\\\/wp-content\\\/uploads\\\/2018\\\/10\\\/BettyBBQ-Logo.png\",\"width\":365,\"height\":365,\"caption\":\"Betty BBQ\"},\"logo\":{\"@id\":\"https:\\\/\\\/betty-bbq.com\\\/cms\\\/wp-content\\\/uploads\\\/2018\\\/10\\\/BettyBBQ-Logo.png\"},\"sameAs\":[\"http:\\\/\\\/www.betty-bbq.de\"]}]}<\/script>\n<!-- \/ Yoast SEO plugin. -->","yoast_head_json":{"title":"Weihnachts-City-Tour - Betty BBQ","robots":{"index":"index","follow":"follow","max-snippet":"max-snippet:-1","max-image-preview":"max-image-preview:large","max-video-preview":"max-video-preview:-1"},"canonical":"https:\/\/betty-bbq.com\/cms\/weihnachts-city-tour\/","og_locale":"de_DE","og_type":"article","og_title":"Weihnachts-City-Tour - Betty BBQ","og_description":"[vc_row][vc_column][vc_single_image image=&#8221;3297&#8243; css_animation=&#8221;bounceInDown&#8221;][\/vc_column][\/vc_row][vc_row max_width=&#8221;50&#8243;][vc_column][vc_column_text] Exklusiv zur Weihnachtszeit: Kling, Gl\u00fchwein, klingelingeling \u2013 die Weihnachts-Show-Tour mit Betty BBQ In \u00f6ffentlicher und exklusiver Durchf\u00fchrung buchbar. Die Durchf\u00fchrung dieser City-Tour ist unabh\u00e4ngig vom Freiburger Weihnachtsmarkt und findet auch statt, wenn der Freiburger Weihnachtsmarkt ausf\u00e4llt\/beendet&hellip;","og_url":"https:\/\/betty-bbq.com\/cms\/weihnachts-city-tour\/","og_site_name":"Betty BBQ","article_modified_time":"2025-09-26T22:14:41+00:00","twitter_card":"summary_large_image","twitter_misc":{"Gesch\u00e4tzte Lesezeit":"4\u00a0Minuten"},"schema":{"@context":"https:\/\/schema.org","@graph":[{"@type":"WebPage","@id":"https:\/\/betty-bbq.com\/cms\/weihnachts-city-tour\/","url":"https:\/\/betty-bbq.com\/cms\/weihnachts-city-tour\/","name":"Weihnachts-City-Tour - Betty BBQ","isPartOf":{"@id":"https:\/\/betty-bbq.com\/cms\/#website"},"datePublished":"2018-10-30T11:40:32+00:00","dateModified":"2025-09-26T22:14:41+00:00","breadcrumb":{"@id":"https:\/\/betty-bbq.com\/cms\/weihnachts-city-tour\/#breadcrumb"},"inLanguage":"de","potentialAction":[{"@type":"ReadAction","target":["https:\/\/betty-bbq.com\/cms\/weihnachts-city-tour\/"]}]},{"@type":"BreadcrumbList","@id":"https:\/\/betty-bbq.com\/cms\/weihnachts-city-tour\/#breadcrumb","itemListElement":[{"@type":"ListItem","position":1,"name":"Startseite","item":"https:\/\/betty-bbq.com\/cms\/"},{"@type":"ListItem","position":2,"name":"Weihnachts-City-Tour"}]},{"@type":"WebSite","@id":"https:\/\/betty-bbq.com\/cms\/#website","url":"https:\/\/betty-bbq.com\/cms\/","name":"Fr\u00e4ulein Betty BBQ - Schwarzwald Drag Queen, Schorlek\u00f6nigin, Entertainerin","description":"Betty BBQ Travestie &amp; Entertainment","publisher":{"@id":"https:\/\/betty-bbq.com\/cms\/#\/schema\/person\/6e6c45463a3cf44a5334be285fffb4b1"},"potentialAction":[{"@type":"SearchAction","target":{"@type":"EntryPoint","urlTemplate":"https:\/\/betty-bbq.com\/cms\/?s={search_term_string}"},"query-input":{"@type":"PropertyValueSpecification","valueRequired":true,"valueName":"search_term_string"}}],"inLanguage":"de"},{"@type":["Person","Organization"],"@id":"https:\/\/betty-bbq.com\/cms\/#\/schema\/person\/6e6c45463a3cf44a5334be285fffb4b1","name":"Betty BBQ","image":{"@type":"ImageObject","inLanguage":"de","@id":"https:\/\/betty-bbq.com\/cms\/wp-content\/uploads\/2018\/10\/BettyBBQ-Logo.png","url":"https:\/\/betty-bbq.com\/cms\/wp-content\/uploads\/2018\/10\/BettyBBQ-Logo.png","contentUrl":"https:\/\/betty-bbq.com\/cms\/wp-content\/uploads\/2018\/10\/BettyBBQ-Logo.png","width":365,"height":365,"caption":"Betty BBQ"},"logo":{"@id":"https:\/\/betty-bbq.com\/cms\/wp-content\/uploads\/2018\/10\/BettyBBQ-Logo.png"},"sameAs":["http:\/\/www.betty-bbq.de"]}]}},"jetpack_sharing_enabled":true,"_links":{"self":[{"href":"https:\/\/betty-bbq.com\/cms\/wp-json\/wp\/v2\/pages\/68","targetHints":{"allow":["GET"]}}],"collection":[{"href":"https:\/\/betty-bbq.com\/cms\/wp-json\/wp\/v2\/pages"}],"about":[{"href":"https:\/\/betty-bbq.com\/cms\/wp-json\/wp\/v2\/types\/page"}],"author":[{"embeddable":true,"href":"https:\/\/betty-bbq.com\/cms\/wp-json\/wp\/v2\/users\/1"}],"replies":[{"embeddable":true,"href":"https:\/\/betty-bbq.com\/cms\/wp-json\/wp\/v2\/comments?post=68"}],"version-history":[{"count":28,"href":"https:\/\/betty-bbq.com\/cms\/wp-json\/wp\/v2\/pages\/68\/revisions"}],"predecessor-version":[{"id":3503,"href":"https:\/\/betty-bbq.com\/cms\/wp-json\/wp\/v2\/pages\/68\/revisions\/3503"}],"wp:attachment":[{"href":"https:\/\/betty-bbq.com\/cms\/wp-json\/wp\/v2\/media?parent=68"}],"curies":[{"name":"wp","href":"https:\/\/api.w.org\/{rel}","templated":true}]}}