{"id":70,"date":"2018-10-30T12:40:58","date_gmt":"2018-10-30T11:40:58","guid":{"rendered":"https:\/\/betty-bbq.com\/cms\/?page_id=70"},"modified":"2022-09-16T14:37:21","modified_gmt":"2022-09-16T12:37:21","slug":"pub-crawl-freiburg-die-freiburger-kneipentour","status":"publish","type":"page","link":"https:\/\/betty-bbq.com\/cms\/pub-crawl-freiburg-die-freiburger-kneipentour\/","title":{"rendered":"Pub Crawl &#8211; die Kneipentour"},"content":{"rendered":"[vc_row][vc_column][vc_single_image image=&#8221;102&#8243; css_animation=&#8221;bounceInDown&#8221;][\/vc_column][\/vc_row][vc_row max_width=&#8221;50&#8243;][vc_column][vc_column_text]\n<h3><strong>Zick, Zack, Zwiebel, ab in Giebel!<\/strong> \u2013 Der Pub Crawl mit den <strong>Kneipentour-Guides*<\/strong> der Schwarzwald Drag Queen Betty BBQ<\/h3>\n<p><span style=\"color: #c1272d;\"><em><strong>In \u00f6ffentlicher und exklusiver Durchf\u00fchrung buchbar.<\/strong><\/em><\/span><\/p>\n<p>In Freiburg flie\u00dft es t\u00e4glich nicht nur in weltbekannten B\u00e4chle hinunter, sondern auch an manchen Tresen: F\u00fcr seine vielf\u00e4ltige und spannende Kneipenszene ist Freiburg bei Einheimischen und Besuchern von \u00fcberall her bekannt und geliebt.<br \/>\nHier blieb noch nie eine Kehle trocken \u2013 und nun kannst du mit den erfahrenen <strong>Kneipentour-Guides*<\/strong> durch ausgew\u00e4hlte Kneipen und Bars* ziehen und lernst Freiburg, die Kneipenlandschaft und nette Leute auf spa\u00dfige Art und Weise kennen! Und mit etwas Gl\u00fcck l\u00e4uft dir sogar Betty BBQ, die \u201eMutti Freiburgs\u201c, h\u00f6chstpers\u00f6nlich \u00fcber den Weg. Denn es hei\u00dft nun wieder: \u201eZick, Zack, Zwiebel, ab in Giebel!\u201c!<\/p>\n<ul>\n<li>Unterhaltsame Kneipentour<\/li>\n<li>Gef\u00fchrt von erfahrenen Betty BBQ<strong> Kneipentour-Guides*<\/strong><\/li>\n<li>Dauer der Tour rund 4 Stunden.<\/li>\n<li>Inklusive Welcome-Shot zu Beginn der Tour, bei 5 Stationen insgesamt 3 kleine Bier oder kleine Weinschorle (nach Wahl) und 2 Special Shots, freien Eintritt in alle Kneipen und Bars sowie Shots unterwegs sponsored by FICKEN Lik\u00f6r (<em>solange der Vorrat reicht<\/em>).<\/li>\n<li>Teilnahme ab 18 Jahren.<\/li>\n<li>Der Pub Crawl findet ab einer Gesamtteilnehmerzahl von zwei Personen statt.<\/li>\n<li>Heute keinen Alkohol f\u00fcr dich?<br \/>\nKein Problem! In den Kneipen und Bars erh\u00e4ltst du auf Wunsch ein kleines Wasser oder ein kleines Softgetr\u00e4nk.<\/li>\n<li>Die Kneipentour ist auf Deutsch und Englisch durchf\u00fchrbar.<\/li>\n<\/ul>\n<p><strong>Wichtig:<\/strong><\/p>\n<ul>\n<li>Bitte beachtet unsere <a href=\"https:\/\/betty-bbq.com\/cms\/regeln\/\" target=\"_blank\" rel=\"noopener noreferrer\">Regeln f\u00fcr die Teilnahme an City- und Kneipen-Touren<\/a>.<\/li>\n<li><strong>Bitte beachtet f\u00fcr alle City-Touren unsere <a href=\"https:\/\/betty-bbq.com\/cms\/corona\/\" target=\"_blank\" rel=\"noopener noreferrer\">durch das Coronavirus bedingten Hinweise<\/a>.<\/strong><\/li>\n<li><strong>Der Betty BBQ Pub Crawl wird <span style=\"color: #ff0000;\">von einem Betty BBQ Kneipentour-Guide gef\u00fchrt.<\/span><\/strong><\/li>\n<li><strong>Es wir versucht, ein Aufeinandertreffen mit Betty BBQ w\u00e4hrend des Pub Crawls zu arrangieren, dies kann jedoch aufgrund m\u00f6glicher Termin\u00fcberschneidungen nicht immer garantiert werden.<\/strong><\/li>\n<li>Gro\u00dfe Gruppen werden von mehreren Guides betreut und m\u00f6glicherweise aufgeteilt.<\/li>\n<li>Es gilt das Hausrecht der teilnehmenden Locations. Zu stark alkoholisierten Teilnehmern kann der Einlass m\u00f6glicherweise verwehrt werden.<\/li>\n<li>Bitte beachtet, dass es sich bei einigen der Kneipen und Bars um Lokalit\u00e4ten handelt, in denen das Rauchen erlaubt ist und geraucht wird.<\/li>\n<\/ul>\n<p>&nbsp;<\/p>\n<p>Allgemeine Hinweise zu einer exklusiven\/privaten Buchung:<\/p>\n<p><strong>Anfragen f\u00fcr Exklusiv-\/Privat-Touren (z.B. f\u00fcr JGAs, Betriebsfeiern, Gruppenausfl\u00fcge, Geburtstage uvm.)<\/strong>\u00a0k\u00f6nnt ihr unverbindlich \u00fcber den <a href=\"https:\/\/betty-bbq.com\/cms\/kontakt\/\" target=\"_blank\" rel=\"noopener noreferrer\">Kontakt an das Betty BBQ B\u00fcro<\/a> anfragen (bitte schreibt uns <strong>exakt, an welcher\/n Tour\/en Ihr Interesse habt, an welchem Tag und Datum, zu welchem Anlass und die Anzahl der Personen<\/strong>). Gerne unterbreiten wir euch sodann ein auf eure Bed\u00fcrfnisse angepasstes Angebot.<\/p>\n<p>&nbsp;<\/p>\n<p>Allgemeine Hinweise zu einer \u00f6ffentlichen Buchung:<\/p>\n<p>Aus organisatorischen und dramaturgischen Gr\u00fcnden <strong>ist der Bezug von Tickets f\u00fcr Gruppen mit mehr als 8 Personen \u00fcber unsere Vorverkaufspartner f\u00fcr die \u00f6ffentliche Kneipentour nicht gestattet<\/strong>. Wollen Sie dennoch mit mehr als 8 Personen an der \u00f6ffentlichen Pub Crawl-Tour teilnehmen, so kontaktieren Sie f\u00fcr eine m\u00f6gliche Freigabe bitte zuvor das Betty BBQ-B\u00fcro: info@betty-bbq.de. Alternativ empfehlen wir Ihnen eine Buchung als exklusive Kneipentour.<\/p>\n<p><strong>Tickets f\u00fcr \u00f6ffentliche Touren<\/strong> sind haupts\u00e4chlich \u00fcber unseren Vorverkaufspartner Reservix zu erwerben. Dazu unten weitere Informationen. Tickets f\u00fcr \u00f6ffentliche City-Touren k\u00f6nnen im Vorverkauf bis sp\u00e4testens 16 Uhr am Veranstaltungstag erworben werden.<strong>\u00a0<\/strong><\/p>\n<p>&nbsp;<\/p>\n<p>Immer hilfreich ist auch die <a href=\"https:\/\/betty-bbq.com\/cms\/faq\/\" target=\"_blank\" rel=\"noopener noreferrer\">\u00dcbersicht der h\u00e4ufig gestellten Fragen (FAQ)<\/a>.[\/vc_column_text][\/vc_column][\/vc_row][vc_row max_width=&#8221;50&#8243;][vc_column width=&#8221;1\/6&#8243;][vc_single_image image=&#8221;116&#8243; css_animation=&#8221;flipInX&#8221; alignment=&#8221;center&#8221; onclick=&#8221;custom_link&#8221; img_link_target=&#8221;_blank&#8221; link=&#8221;https:\/\/betty-bbq.reservix.de\/p\/reservix\/group\/414413&#8243; img_hover=&#8221;grow&#8221;][\/vc_column][vc_column width=&#8221;5\/6&#8243;][vc_column_text]<strong>Tickets f\u00fcr \u00f6ffentliche Touren bis 8 Personen\/Gruppe nur im Vorverkauf \u00fcber Reservix!<\/strong><\/p>\n<p><strong><em>F\u00fcr Termine und Tickets einfach links auf den Button klicken.<\/em><\/strong><\/p>\n<p>Sowie bei allen\u00a0<a href=\"https:\/\/shop.reservix.de\/vorverkaufsstellen\" target=\"_blank\" rel=\"noopener noreferrer\">Reservix Vorverkaufsstellen<\/a>, der\u00a0<a href=\"https:\/\/visit.freiburg.de\/freiburg-informieren\/tourist-information\" target=\"_blank\" rel=\"noopener noreferrer\">Tourist Information der Stadt Freiburg<\/a>, dem\u00a0<a href=\"http:\/\/bz-ticket.de\/suche\/ergebnis?q=betty%20bbq&amp;type=1&amp;sort=datum&amp;bookable=1\" target=\"_blank\" rel=\"noopener noreferrer\">Ticketservice der Badischen Zeitung<\/a>\u00a0in der Freiburger\u00a0<a href=\"https:\/\/www.google.de\/maps\/dir\/''\/adresse+bz+ticket\/@47.9938324,7.7791067,12z\/data=!4m8!4m7!1m0!1m5!1m1!1s0x47911c9eb9554693:0xfbef6f00f06dbda5!2m2!1d7.8491464!2d47.9938537\">Innenstadt<\/a>\u00a0sowie bei der\u00a0<a href=\"https:\/\/www.reservix.de\/ticket-hotline\" target=\"_blank\" rel=\"noopener noreferrer\">Reservix-Tickethotline<\/a>.[\/vc_column_text][\/vc_column][\/vc_row][vc_row max_width=&#8221;50&#8243;][vc_column width=&#8221;1\/6&#8243;][vc_single_image image=&#8221;184&#8243; css_animation=&#8221;flipInX&#8221; alignment=&#8221;center&#8221; onclick=&#8221;custom_link&#8221; img_link_target=&#8221;_blank&#8221; link=&#8221;https:\/\/betty-bbq.reservix.de\/events&#8221; img_hover=&#8221;grow&#8221;][\/vc_column][vc_column width=&#8221;5\/6&#8243;][vc_column_text]<strong>Die Geschenkidee<\/strong><\/p>\n<p>f\u00fcr Freunde, Familie und Kollegen: Ob zu Weihnachten, Ostern, zum Geburtstag, Junggesellenabschied, Jubil\u00e4um, Hochzeit oder Scheidung\u2013 mit einem <strong>Gutschein<\/strong> f\u00fcr Betty BBQ City &amp; Kneipen Touren liegt man immer genau richtig!<\/p>\n<p><em>F\u00fcr Gutscheine einfach auf den Button links dr\u00fccken.<\/em><\/p>\n<p>&nbsp;<\/p>\n<p><span style=\"color: #000000;\"><strong>Oder doch auf der Suche nach kreativen Geschenken? Da haben wir etwas!<\/strong><\/span><\/p>\n<p>Tolle und originelle Produkte aus dem Hause Betty BBQ k\u00f6nnen in unserem <a href=\"https:\/\/betty-bbq.com\/cms\/shop\/\">Webshop<\/a> online erworben werden. Schaut doch einmal <a href=\"https:\/\/betty-bbq.com\/cms\/shop\/\">hier vorbei<\/a>!<\/p>\n<p><span style=\"font-weight: 400;\">An ausgew\u00e4hlten Tagen (haupts\u00e4chlich in der Sommerzeit Freitag und Samstag nachmittags bei gutem Wetter) erfolgt auch vor Ort am <a href=\"https:\/\/goo.gl\/maps\/v5bz8H3DouxFLgZz6\" target=\"_blank\" rel=\"noopener noreferrer\">Betty BBQ Meeting Point (Franziskanerstra\u00dfe 11, 79098 Freiburg)<\/a> ein Verkauf von ausgew\u00e4hlten Betty BBQ-Produkten. Ebenso gibt es in der Regel nach den City-Touren mit Betty BBQ die M\u00f6glichkeit, ausgew\u00e4hlte Betty BBQ-Produkte direkt vor Ort k\u00e4uflich zu erwerben.<\/span>[\/vc_column_text][\/vc_column][\/vc_row]\n","protected":false},"excerpt":{"rendered":"<p>[vc_row][vc_column][vc_single_image image=&#8221;102&#8243; css_animation=&#8221;bounceInDown&#8221;][\/vc_column][\/vc_row][vc_row max_width=&#8221;50&#8243;][vc_column][vc_column_text] Zick, Zack, Zwiebel, ab in Giebel! \u2013 Der Pub Crawl mit den Kneipentour-Guides* der Schwarzwald Drag Queen Betty BBQ In \u00f6ffentlicher und exklusiver Durchf\u00fchrung buchbar. In Freiburg flie\u00dft es t\u00e4glich nicht nur in weltbekannten B\u00e4chle hinunter,&hellip;<\/p>\n","protected":false},"author":1,"featured_media":0,"parent":0,"menu_order":0,"comment_status":"closed","ping_status":"closed","template":"","meta":{"footnotes":""},"class_list":["post-70","page","type-page","status-publish","hentry","entry","no-media"],"yoast_head":"<!-- This site is optimized with the Yoast SEO plugin v27.4 - https:\/\/yoast.com\/product\/yoast-seo-wordpress\/ -->\n<title>Pub Crawl - die Kneipentour - Betty BBQ<\/title>\n<meta name=\"description\" content=\"Zick, Zack, Zwiebel, ab in Giebel! \u2013 Der Pub Crawl mit den Kneipentour-Guides der Schwarzwald Drag Queen Betty BBQ in Freiburg!\" \/>\n<meta name=\"robots\" content=\"index, follow, max-snippet:-1, max-image-preview:large, max-video-preview:-1\" \/>\n<link rel=\"canonical\" href=\"https:\/\/betty-bbq.com\/cms\/pub-crawl-freiburg-die-freiburger-kneipentour\/\" \/>\n<meta property=\"og:locale\" content=\"de_DE\" \/>\n<meta property=\"og:type\" content=\"article\" \/>\n<meta property=\"og:title\" content=\"Pub Crawl - die Kneipentour - Betty BBQ\" \/>\n<meta property=\"og:description\" content=\"Zick, Zack, Zwiebel, ab in Giebel! \u2013 Der Pub Crawl mit den Kneipentour-Guides der Schwarzwald Drag Queen Betty BBQ in Freiburg!\" \/>\n<meta property=\"og:url\" content=\"https:\/\/betty-bbq.com\/cms\/pub-crawl-freiburg-die-freiburger-kneipentour\/\" \/>\n<meta property=\"og:site_name\" content=\"Betty BBQ\" \/>\n<meta property=\"article:modified_time\" content=\"2022-09-16T12:37:21+00:00\" \/>\n<meta name=\"twitter:card\" content=\"summary_large_image\" \/>\n<meta name=\"twitter:label1\" content=\"Gesch\u00e4tzte Lesezeit\" \/>\n\t<meta name=\"twitter:data1\" content=\"4\u00a0Minuten\" \/>\n<script type=\"application\/ld+json\" class=\"yoast-schema-graph\">{\"@context\":\"https:\\\/\\\/schema.org\",\"@graph\":[{\"@type\":\"WebPage\",\"@id\":\"https:\\\/\\\/betty-bbq.com\\\/cms\\\/pub-crawl-freiburg-die-freiburger-kneipentour\\\/\",\"url\":\"https:\\\/\\\/betty-bbq.com\\\/cms\\\/pub-crawl-freiburg-die-freiburger-kneipentour\\\/\",\"name\":\"Pub Crawl - die Kneipentour - Betty BBQ\",\"isPartOf\":{\"@id\":\"https:\\\/\\\/betty-bbq.com\\\/cms\\\/#website\"},\"datePublished\":\"2018-10-30T11:40:58+00:00\",\"dateModified\":\"2022-09-16T12:37:21+00:00\",\"description\":\"Zick, Zack, Zwiebel, ab in Giebel! \u2013 Der Pub Crawl mit den Kneipentour-Guides der Schwarzwald Drag Queen Betty BBQ in Freiburg!\",\"breadcrumb\":{\"@id\":\"https:\\\/\\\/betty-bbq.com\\\/cms\\\/pub-crawl-freiburg-die-freiburger-kneipentour\\\/#breadcrumb\"},\"inLanguage\":\"de\",\"potentialAction\":[{\"@type\":\"ReadAction\",\"target\":[\"https:\\\/\\\/betty-bbq.com\\\/cms\\\/pub-crawl-freiburg-die-freiburger-kneipentour\\\/\"]}]},{\"@type\":\"BreadcrumbList\",\"@id\":\"https:\\\/\\\/betty-bbq.com\\\/cms\\\/pub-crawl-freiburg-die-freiburger-kneipentour\\\/#breadcrumb\",\"itemListElement\":[{\"@type\":\"ListItem\",\"position\":1,\"name\":\"Startseite\",\"item\":\"https:\\\/\\\/betty-bbq.com\\\/cms\\\/\"},{\"@type\":\"ListItem\",\"position\":2,\"name\":\"Pub Crawl &#8211; die Kneipentour\"}]},{\"@type\":\"WebSite\",\"@id\":\"https:\\\/\\\/betty-bbq.com\\\/cms\\\/#website\",\"url\":\"https:\\\/\\\/betty-bbq.com\\\/cms\\\/\",\"name\":\"Fr\u00e4ulein Betty BBQ - Schwarzwald Drag Queen, Schorlek\u00f6nigin, Entertainerin\",\"description\":\"Betty BBQ Travestie &amp; Entertainment\",\"publisher\":{\"@id\":\"https:\\\/\\\/betty-bbq.com\\\/cms\\\/#\\\/schema\\\/person\\\/6e6c45463a3cf44a5334be285fffb4b1\"},\"potentialAction\":[{\"@type\":\"SearchAction\",\"target\":{\"@type\":\"EntryPoint\",\"urlTemplate\":\"https:\\\/\\\/betty-bbq.com\\\/cms\\\/?s={search_term_string}\"},\"query-input\":{\"@type\":\"PropertyValueSpecification\",\"valueRequired\":true,\"valueName\":\"search_term_string\"}}],\"inLanguage\":\"de\"},{\"@type\":[\"Person\",\"Organization\"],\"@id\":\"https:\\\/\\\/betty-bbq.com\\\/cms\\\/#\\\/schema\\\/person\\\/6e6c45463a3cf44a5334be285fffb4b1\",\"name\":\"Betty BBQ\",\"image\":{\"@type\":\"ImageObject\",\"inLanguage\":\"de\",\"@id\":\"https:\\\/\\\/betty-bbq.com\\\/cms\\\/wp-content\\\/uploads\\\/2018\\\/10\\\/BettyBBQ-Logo.png\",\"url\":\"https:\\\/\\\/betty-bbq.com\\\/cms\\\/wp-content\\\/uploads\\\/2018\\\/10\\\/BettyBBQ-Logo.png\",\"contentUrl\":\"https:\\\/\\\/betty-bbq.com\\\/cms\\\/wp-content\\\/uploads\\\/2018\\\/10\\\/BettyBBQ-Logo.png\",\"width\":365,\"height\":365,\"caption\":\"Betty BBQ\"},\"logo\":{\"@id\":\"https:\\\/\\\/betty-bbq.com\\\/cms\\\/wp-content\\\/uploads\\\/2018\\\/10\\\/BettyBBQ-Logo.png\"},\"sameAs\":[\"http:\\\/\\\/www.betty-bbq.de\"]}]}<\/script>\n<!-- \/ Yoast SEO plugin. -->","yoast_head_json":{"title":"Pub Crawl - die Kneipentour - Betty BBQ","description":"Zick, Zack, Zwiebel, ab in Giebel! \u2013 Der Pub Crawl mit den Kneipentour-Guides der Schwarzwald Drag Queen Betty BBQ in Freiburg!","robots":{"index":"index","follow":"follow","max-snippet":"max-snippet:-1","max-image-preview":"max-image-preview:large","max-video-preview":"max-video-preview:-1"},"canonical":"https:\/\/betty-bbq.com\/cms\/pub-crawl-freiburg-die-freiburger-kneipentour\/","og_locale":"de_DE","og_type":"article","og_title":"Pub Crawl - die Kneipentour - Betty BBQ","og_description":"Zick, Zack, Zwiebel, ab in Giebel! \u2013 Der Pub Crawl mit den Kneipentour-Guides der Schwarzwald Drag Queen Betty BBQ in Freiburg!","og_url":"https:\/\/betty-bbq.com\/cms\/pub-crawl-freiburg-die-freiburger-kneipentour\/","og_site_name":"Betty BBQ","article_modified_time":"2022-09-16T12:37:21+00:00","twitter_card":"summary_large_image","twitter_misc":{"Gesch\u00e4tzte Lesezeit":"4\u00a0Minuten"},"schema":{"@context":"https:\/\/schema.org","@graph":[{"@type":"WebPage","@id":"https:\/\/betty-bbq.com\/cms\/pub-crawl-freiburg-die-freiburger-kneipentour\/","url":"https:\/\/betty-bbq.com\/cms\/pub-crawl-freiburg-die-freiburger-kneipentour\/","name":"Pub Crawl - die Kneipentour - Betty BBQ","isPartOf":{"@id":"https:\/\/betty-bbq.com\/cms\/#website"},"datePublished":"2018-10-30T11:40:58+00:00","dateModified":"2022-09-16T12:37:21+00:00","description":"Zick, Zack, Zwiebel, ab in Giebel! \u2013 Der Pub Crawl mit den Kneipentour-Guides der Schwarzwald Drag Queen Betty BBQ in Freiburg!","breadcrumb":{"@id":"https:\/\/betty-bbq.com\/cms\/pub-crawl-freiburg-die-freiburger-kneipentour\/#breadcrumb"},"inLanguage":"de","potentialAction":[{"@type":"ReadAction","target":["https:\/\/betty-bbq.com\/cms\/pub-crawl-freiburg-die-freiburger-kneipentour\/"]}]},{"@type":"BreadcrumbList","@id":"https:\/\/betty-bbq.com\/cms\/pub-crawl-freiburg-die-freiburger-kneipentour\/#breadcrumb","itemListElement":[{"@type":"ListItem","position":1,"name":"Startseite","item":"https:\/\/betty-bbq.com\/cms\/"},{"@type":"ListItem","position":2,"name":"Pub Crawl &#8211; die Kneipentour"}]},{"@type":"WebSite","@id":"https:\/\/betty-bbq.com\/cms\/#website","url":"https:\/\/betty-bbq.com\/cms\/","name":"Fr\u00e4ulein Betty BBQ - Schwarzwald Drag Queen, Schorlek\u00f6nigin, Entertainerin","description":"Betty BBQ Travestie &amp; Entertainment","publisher":{"@id":"https:\/\/betty-bbq.com\/cms\/#\/schema\/person\/6e6c45463a3cf44a5334be285fffb4b1"},"potentialAction":[{"@type":"SearchAction","target":{"@type":"EntryPoint","urlTemplate":"https:\/\/betty-bbq.com\/cms\/?s={search_term_string}"},"query-input":{"@type":"PropertyValueSpecification","valueRequired":true,"valueName":"search_term_string"}}],"inLanguage":"de"},{"@type":["Person","Organization"],"@id":"https:\/\/betty-bbq.com\/cms\/#\/schema\/person\/6e6c45463a3cf44a5334be285fffb4b1","name":"Betty BBQ","image":{"@type":"ImageObject","inLanguage":"de","@id":"https:\/\/betty-bbq.com\/cms\/wp-content\/uploads\/2018\/10\/BettyBBQ-Logo.png","url":"https:\/\/betty-bbq.com\/cms\/wp-content\/uploads\/2018\/10\/BettyBBQ-Logo.png","contentUrl":"https:\/\/betty-bbq.com\/cms\/wp-content\/uploads\/2018\/10\/BettyBBQ-Logo.png","width":365,"height":365,"caption":"Betty BBQ"},"logo":{"@id":"https:\/\/betty-bbq.com\/cms\/wp-content\/uploads\/2018\/10\/BettyBBQ-Logo.png"},"sameAs":["http:\/\/www.betty-bbq.de"]}]}},"jetpack_sharing_enabled":true,"_links":{"self":[{"href":"https:\/\/betty-bbq.com\/cms\/wp-json\/wp\/v2\/pages\/70","targetHints":{"allow":["GET"]}}],"collection":[{"href":"https:\/\/betty-bbq.com\/cms\/wp-json\/wp\/v2\/pages"}],"about":[{"href":"https:\/\/betty-bbq.com\/cms\/wp-json\/wp\/v2\/types\/page"}],"author":[{"embeddable":true,"href":"https:\/\/betty-bbq.com\/cms\/wp-json\/wp\/v2\/users\/1"}],"replies":[{"embeddable":true,"href":"https:\/\/betty-bbq.com\/cms\/wp-json\/wp\/v2\/comments?post=70"}],"version-history":[{"count":22,"href":"https:\/\/betty-bbq.com\/cms\/wp-json\/wp\/v2\/pages\/70\/revisions"}],"predecessor-version":[{"id":3073,"href":"https:\/\/betty-bbq.com\/cms\/wp-json\/wp\/v2\/pages\/70\/revisions\/3073"}],"wp:attachment":[{"href":"https:\/\/betty-bbq.com\/cms\/wp-json\/wp\/v2\/media?parent=70"}],"curies":[{"name":"wp","href":"https:\/\/api.w.org\/{rel}","templated":true}]}}