{"id":750,"date":"2020-03-25T13:20:27","date_gmt":"2020-03-25T12:20:27","guid":{"rendered":"https:\/\/betty-bbq.com\/cms\/?page_id=750"},"modified":"2022-04-05T00:13:16","modified_gmt":"2022-04-04T22:13:16","slug":"corona","status":"publish","type":"page","link":"https:\/\/betty-bbq.com\/cms\/corona\/","title":{"rendered":"Coronavirus (Virus SARS-CoV-2)"},"content":{"rendered":"[vc_row][vc_column][vc_single_image image=&#8221;752&#8243; css_animation=&#8221;bounceInDown&#8221;][\/vc_column][\/vc_row][vc_row max_width=&#8221;50&#8243;][vc_column][vc_column_text]\n<h3 style=\"text-align: center;\"><span style=\"color: #c1272d; font-size: 21px;\"><strong>Aktuelle Informationen<\/strong><\/span><\/h3>\n<p style=\"text-align: center;\"><span style=\"color: #c1272d; font-size: 18px;\"><b>bzgl. den Auswirkungen der Ma\u00dfnahmen\u00a0\u00a0zur Eind\u00e4mmung\u00a0\u00a0<\/b><b>der Verbreitung <\/b><b>des Corona-Virus SARS-CoV-2 auf die City-Touren aus dem Hause Betty BBQ<\/b><\/span><\/p>\n<p>Betty BBQ Travestie &amp; Entertainment h\u00e4lt sich bei den City-Touren, welche alle Veranstaltungen in Kleinformaten mit weniger als 100 Teilnehmer sind, an die Empfehlungen und Vorgaben der Gesundheitsbeh\u00f6rden .<\/p>\n<div>\n<p>&nbsp;<\/p>\n<h3 style=\"text-align: center;\">Seit dem 03.04.2022 sieht die Corona-Verordnung des Landes Baden-W\u00fcrttemberg keine wesentlichen Schutz-Ma\u00dfnahmen mehr vor.<\/h3>\n<p>&nbsp;<\/p>\n<p><strong>Wir bitten dennoch um Beachtung unseres folgenden Hygienekonzepts und schlie\u00dfen uns der Abstands-, Masken- und Hygieneempfehlung an: <\/strong><\/p>\n<p>Die Einhaltung eines Mindestabstandes von 1,5 Metern zu anderen Personen, eine ausreichende Hygiene, das Tragen einer medizinischen Maske oder einer Atemschutzmaske (FFP2 oder vergleichbar), wo auch immer der Mindestabstand von 1,5 Metern zu anderen Personen nicht eingehalten werden kann, halten wir f\u00fcr sinnig und empfehlen dies. Eine Pflicht hierzu gibt auf unseren Veranstaltungen nicht.<\/p>\n<p style=\"text-align: center;\">\n<\/div>\n<h3 style=\"text-align: center;\"><span style=\"color: #c1272d;\"><span style=\"caret-color: #c1272d;\">Hygienekonzept<\/span><\/span><\/h3>\n<p style=\"text-align: center;\"><span style=\"color: #c1272d;\">Wir verfolgen f\u00fcr alle unsere City-Touren und Veranstaltungen ein Hygienekonzept. Dieses setzt sich aus verschiedenen Komponenten zusammen und fassen wir folgend zusammen.<\/span><\/p>\n<p>&nbsp;<\/p>\n<p>Bitte gleichen Sie die folgenden Ausf\u00fchrungen auch stets mit den offiziellen, staatlichen Verordnungen zur Eind\u00e4mmung der Corona-Pandemie ab. Da sich die Regelungen teils schnell \u00e4ndern, k\u00f6nnen wir nicht jede \u00c4nderung tageskatuell \u00fcbernehmen. <strong>Es sind im Zweifel nur die staatlichen Ma\u00dfgaben wesentlich, die zum Tag der Veranstaltung gelten.<\/strong>\u00a0Sie k\u00f6nnen sich stets selbst informieren auf den Seiten der Landesregierung Baden-W\u00fcrttemberg unter:<\/p>\n<ul>\n<li><a href=\"https:\/\/www.baden-wuerttemberg.de\/de\/service\/aktuelle-infos-zu-corona\/aktuelle-corona-verordnung-des-landes-baden-wuerttemberg\/\" target=\"_blank\" rel=\"noopener\">Aktuelle Corona-Regelungen und Ma\u00dfnahmen des Landes Baden-W\u00fcrttemberg<\/a><\/li>\n<\/ul>\n<p>&nbsp;<\/p>\n<p><span style=\"color: #c1272d;\"><b>Bei der Durchf\u00fchrung unserer City-Touren steht die Sicherheit und das Entertainment unserer G\u00e4ste im Vordergrund. Damit jeder <\/b><b>beruhigt<\/b><b> und regel-konform hieran teilnehmen kann,<\/b><\/span><\/p>\n<ol>\n<li>empfehlen wir bei unseren Stadtf\u00fchrungen zu anderen Personen, wo immer m\u00f6glich, ein Mindestabstand von 1,5 Metern einzuhalten (Abstandsempfehlung).<\/li>\n<li>empfehlen wir, wo immer die Abstandsempfehlung nicht eingehalten werden kann, das Tragen einer medizinischen Maske oder einer Atemschutzmaske (FFP2 oder vergleichbar; Maskenempfehlung),<\/li>\n<li>und bitten ebenfalls ganz im Sinne der verantwortlichen Eigenkontrolle, nur dann an unseren City-Touren teilzunehmen, wenn Sie sich gesund f\u00fchlen und insbesondere kein Fieber haben und eine eigenverantwortliche Hygiene einhalten (Hygieneempfehlung). Dies sollte \u2013 unabh\u00e4ngig der aktuellen Situationen \u2013 grunds\u00e4tzlich zum Schutz Ihrer eigenen Person sowie anderer \u2013 insbesondere von alten und geschw\u00e4chten \u2013 Mitmenschen selbstverst\u00e4ndlich sein.<\/li>\n<\/ol>\n<p>Unsere Mitarbeiter sind ebenso zur Einhaltung aller oben genannter Regelungen angehalten, selbstverst\u00e4ndlich wird regelm\u00e4\u00dfiges Waschen und Desinfizieren der H\u00e4nde sowie Desinfektion von Arbeits- und Nutzfl\u00e4chen eingefordert.<\/p>\n<p>Diese Regelungen und Verpflichtungen sind Teil unserer <a href=\"https:\/\/betty-bbq.com\/cms\/agb\/\" target=\"_blank\" rel=\"noopener noreferrer\">Allgemeinen Gesch\u00e4ftsbedingungen f\u00fcr City-Touren.<\/a><\/p>\n<p>&nbsp;<\/p>\n<p>Weitere Informationen zur aktuellen Pandemie erhalten Sie insbesondere bei folgenden staatlichen Informationsangeboten:<\/p>\n<ul>\n<li>Bundesgesundheitsministerium:\u00a0<a href=\"https:\/\/www.bundesgesundheitsministerium.de\/coronavirus.html\">https:\/\/www.bundesgesundheitsministerium.de\/coronavirus.html<\/a><\/li>\n<li>Bundeszentrale f\u00fcr gesundheitliche Aufkl\u00e4rung:\u00a0<a href=\"https:\/\/www.infektionsschutz.de\/coronavirus-sars-cov-2.html\">https:\/\/www.infektionsschutz.de\/coronavirus-sars-cov-2.html<\/a><\/li>\n<\/ul>\n<p><span style=\"color: #c1272d;\"><strong><em>Wir aktualisieren diese Informationen entsprechend den Neuerungen so schnell wie m\u00f6glich. <\/em><\/strong><\/span><\/p>\n<p><span style=\"color: #c1272d;\"><strong><em>STAND: 03.04.2022<\/em><\/strong><\/span>[\/vc_column_text][vc_empty_space height=&#8221;60&#8243;][vc_column_text]\n<p style=\"text-align: center;\"><b><span style=\"color: #c1272d; font-size: large;\">Ihr wollt Betty BBQ und das Betty BBQ Team in dieser <span style=\"caret-color: #c1272d;\">schwierigen<\/span>\u00a0Zeit unterst\u00fctzen? Dann w\u00fcrden wir uns \u00fcber eine Spende per PayPal oder den Kauf eines Gutscheines freuen!\u00a0<\/span><\/b><\/p>\n[\/vc_column_text][\/vc_column][\/vc_row][vc_row max_width=&#8221;50&#8243;][vc_column width=&#8221;1\/2&#8243;][vc_single_image image=&#8221;756&#8243; img_size=&#8221;medium&#8221; css_animation=&#8221;bounceIn&#8221; alignment=&#8221;center&#8221; onclick=&#8221;custom_link&#8221; img_link_target=&#8221;_blank&#8221; link=&#8221;https:\/\/www.paypal.com\/cgi-bin\/webscr?cmd=_s-xclick&amp;hosted_button_id=7JZB7DB22JZXG&amp;source=url&#8221; img_hover=&#8221;grow&#8221;][\/vc_column][vc_column width=&#8221;1\/2&#8243;][vc_single_image image=&#8221;761&#8243; img_size=&#8221;medium&#8221; css_animation=&#8221;bounceIn&#8221; alignment=&#8221;center&#8221; onclick=&#8221;custom_link&#8221; img_link_target=&#8221;_blank&#8221; link=&#8221;https:\/\/betty-bbq.reservix.de\/artikel&#8221; img_hover=&#8221;grow&#8221;][\/vc_column][\/vc_row]\n","protected":false},"excerpt":{"rendered":"<p>[vc_row][vc_column][vc_single_image image=&#8221;752&#8243; css_animation=&#8221;bounceInDown&#8221;][\/vc_column][\/vc_row][vc_row max_width=&#8221;50&#8243;][vc_column][vc_column_text] Aktuelle Informationen bzgl. den Auswirkungen der Ma\u00dfnahmen\u00a0\u00a0zur Eind\u00e4mmung\u00a0\u00a0der Verbreitung des Corona-Virus SARS-CoV-2 auf die City-Touren aus dem Hause Betty BBQ Betty BBQ Travestie &amp; Entertainment h\u00e4lt sich bei den City-Touren, welche alle Veranstaltungen in Kleinformaten mit&hellip;<\/p>\n","protected":false},"author":1,"featured_media":0,"parent":0,"menu_order":0,"comment_status":"closed","ping_status":"closed","template":"","meta":{"footnotes":""},"class_list":["post-750","page","type-page","status-publish","hentry","entry","no-media"],"yoast_head":"<!-- This site is optimized with the Yoast SEO plugin v27.4 - https:\/\/yoast.com\/product\/yoast-seo-wordpress\/ -->\n<title>Coronavirus (Virus SARS-CoV-2) - Betty BBQ<\/title>\n<meta name=\"robots\" content=\"index, follow, max-snippet:-1, max-image-preview:large, max-video-preview:-1\" \/>\n<link rel=\"canonical\" href=\"https:\/\/betty-bbq.com\/cms\/corona\/\" \/>\n<meta property=\"og:locale\" content=\"de_DE\" \/>\n<meta property=\"og:type\" content=\"article\" \/>\n<meta property=\"og:title\" content=\"Coronavirus (Virus SARS-CoV-2) - Betty BBQ\" \/>\n<meta property=\"og:description\" content=\"[vc_row][vc_column][vc_single_image image=&#8221;752&#8243; css_animation=&#8221;bounceInDown&#8221;][\/vc_column][\/vc_row][vc_row max_width=&#8221;50&#8243;][vc_column][vc_column_text] Aktuelle Informationen bzgl. den Auswirkungen der Ma\u00dfnahmen\u00a0\u00a0zur Eind\u00e4mmung\u00a0\u00a0der Verbreitung des Corona-Virus SARS-CoV-2 auf die City-Touren aus dem Hause Betty BBQ Betty BBQ Travestie &amp; Entertainment h\u00e4lt sich bei den City-Touren, welche alle Veranstaltungen in Kleinformaten mit&hellip;\" \/>\n<meta property=\"og:url\" content=\"https:\/\/betty-bbq.com\/cms\/corona\/\" \/>\n<meta property=\"og:site_name\" content=\"Betty BBQ\" \/>\n<meta property=\"article:modified_time\" content=\"2022-04-04T22:13:16+00:00\" \/>\n<meta name=\"twitter:card\" content=\"summary_large_image\" \/>\n<meta name=\"twitter:label1\" content=\"Gesch\u00e4tzte Lesezeit\" \/>\n\t<meta name=\"twitter:data1\" content=\"3\u00a0Minuten\" \/>\n<script type=\"application\/ld+json\" class=\"yoast-schema-graph\">{\"@context\":\"https:\\\/\\\/schema.org\",\"@graph\":[{\"@type\":\"WebPage\",\"@id\":\"https:\\\/\\\/betty-bbq.com\\\/cms\\\/corona\\\/\",\"url\":\"https:\\\/\\\/betty-bbq.com\\\/cms\\\/corona\\\/\",\"name\":\"Coronavirus (Virus SARS-CoV-2) - Betty BBQ\",\"isPartOf\":{\"@id\":\"https:\\\/\\\/betty-bbq.com\\\/cms\\\/#website\"},\"datePublished\":\"2020-03-25T12:20:27+00:00\",\"dateModified\":\"2022-04-04T22:13:16+00:00\",\"breadcrumb\":{\"@id\":\"https:\\\/\\\/betty-bbq.com\\\/cms\\\/corona\\\/#breadcrumb\"},\"inLanguage\":\"de\",\"potentialAction\":[{\"@type\":\"ReadAction\",\"target\":[\"https:\\\/\\\/betty-bbq.com\\\/cms\\\/corona\\\/\"]}]},{\"@type\":\"BreadcrumbList\",\"@id\":\"https:\\\/\\\/betty-bbq.com\\\/cms\\\/corona\\\/#breadcrumb\",\"itemListElement\":[{\"@type\":\"ListItem\",\"position\":1,\"name\":\"Startseite\",\"item\":\"https:\\\/\\\/betty-bbq.com\\\/cms\\\/\"},{\"@type\":\"ListItem\",\"position\":2,\"name\":\"Coronavirus (Virus SARS-CoV-2)\"}]},{\"@type\":\"WebSite\",\"@id\":\"https:\\\/\\\/betty-bbq.com\\\/cms\\\/#website\",\"url\":\"https:\\\/\\\/betty-bbq.com\\\/cms\\\/\",\"name\":\"Fr\u00e4ulein Betty BBQ - Schwarzwald Drag Queen, Schorlek\u00f6nigin, Entertainerin\",\"description\":\"Betty BBQ Travestie &amp; Entertainment\",\"publisher\":{\"@id\":\"https:\\\/\\\/betty-bbq.com\\\/cms\\\/#\\\/schema\\\/person\\\/6e6c45463a3cf44a5334be285fffb4b1\"},\"potentialAction\":[{\"@type\":\"SearchAction\",\"target\":{\"@type\":\"EntryPoint\",\"urlTemplate\":\"https:\\\/\\\/betty-bbq.com\\\/cms\\\/?s={search_term_string}\"},\"query-input\":{\"@type\":\"PropertyValueSpecification\",\"valueRequired\":true,\"valueName\":\"search_term_string\"}}],\"inLanguage\":\"de\"},{\"@type\":[\"Person\",\"Organization\"],\"@id\":\"https:\\\/\\\/betty-bbq.com\\\/cms\\\/#\\\/schema\\\/person\\\/6e6c45463a3cf44a5334be285fffb4b1\",\"name\":\"Betty BBQ\",\"image\":{\"@type\":\"ImageObject\",\"inLanguage\":\"de\",\"@id\":\"https:\\\/\\\/betty-bbq.com\\\/cms\\\/wp-content\\\/uploads\\\/2018\\\/10\\\/BettyBBQ-Logo.png\",\"url\":\"https:\\\/\\\/betty-bbq.com\\\/cms\\\/wp-content\\\/uploads\\\/2018\\\/10\\\/BettyBBQ-Logo.png\",\"contentUrl\":\"https:\\\/\\\/betty-bbq.com\\\/cms\\\/wp-content\\\/uploads\\\/2018\\\/10\\\/BettyBBQ-Logo.png\",\"width\":365,\"height\":365,\"caption\":\"Betty BBQ\"},\"logo\":{\"@id\":\"https:\\\/\\\/betty-bbq.com\\\/cms\\\/wp-content\\\/uploads\\\/2018\\\/10\\\/BettyBBQ-Logo.png\"},\"sameAs\":[\"http:\\\/\\\/www.betty-bbq.de\"]}]}<\/script>\n<!-- \/ Yoast SEO plugin. -->","yoast_head_json":{"title":"Coronavirus (Virus SARS-CoV-2) - Betty BBQ","robots":{"index":"index","follow":"follow","max-snippet":"max-snippet:-1","max-image-preview":"max-image-preview:large","max-video-preview":"max-video-preview:-1"},"canonical":"https:\/\/betty-bbq.com\/cms\/corona\/","og_locale":"de_DE","og_type":"article","og_title":"Coronavirus (Virus SARS-CoV-2) - Betty BBQ","og_description":"[vc_row][vc_column][vc_single_image image=&#8221;752&#8243; css_animation=&#8221;bounceInDown&#8221;][\/vc_column][\/vc_row][vc_row max_width=&#8221;50&#8243;][vc_column][vc_column_text] Aktuelle Informationen bzgl. den Auswirkungen der Ma\u00dfnahmen\u00a0\u00a0zur Eind\u00e4mmung\u00a0\u00a0der Verbreitung des Corona-Virus SARS-CoV-2 auf die City-Touren aus dem Hause Betty BBQ Betty BBQ Travestie &amp; Entertainment h\u00e4lt sich bei den City-Touren, welche alle Veranstaltungen in Kleinformaten mit&hellip;","og_url":"https:\/\/betty-bbq.com\/cms\/corona\/","og_site_name":"Betty BBQ","article_modified_time":"2022-04-04T22:13:16+00:00","twitter_card":"summary_large_image","twitter_misc":{"Gesch\u00e4tzte Lesezeit":"3\u00a0Minuten"},"schema":{"@context":"https:\/\/schema.org","@graph":[{"@type":"WebPage","@id":"https:\/\/betty-bbq.com\/cms\/corona\/","url":"https:\/\/betty-bbq.com\/cms\/corona\/","name":"Coronavirus (Virus SARS-CoV-2) - Betty BBQ","isPartOf":{"@id":"https:\/\/betty-bbq.com\/cms\/#website"},"datePublished":"2020-03-25T12:20:27+00:00","dateModified":"2022-04-04T22:13:16+00:00","breadcrumb":{"@id":"https:\/\/betty-bbq.com\/cms\/corona\/#breadcrumb"},"inLanguage":"de","potentialAction":[{"@type":"ReadAction","target":["https:\/\/betty-bbq.com\/cms\/corona\/"]}]},{"@type":"BreadcrumbList","@id":"https:\/\/betty-bbq.com\/cms\/corona\/#breadcrumb","itemListElement":[{"@type":"ListItem","position":1,"name":"Startseite","item":"https:\/\/betty-bbq.com\/cms\/"},{"@type":"ListItem","position":2,"name":"Coronavirus (Virus SARS-CoV-2)"}]},{"@type":"WebSite","@id":"https:\/\/betty-bbq.com\/cms\/#website","url":"https:\/\/betty-bbq.com\/cms\/","name":"Fr\u00e4ulein Betty BBQ - Schwarzwald Drag Queen, Schorlek\u00f6nigin, Entertainerin","description":"Betty BBQ Travestie &amp; Entertainment","publisher":{"@id":"https:\/\/betty-bbq.com\/cms\/#\/schema\/person\/6e6c45463a3cf44a5334be285fffb4b1"},"potentialAction":[{"@type":"SearchAction","target":{"@type":"EntryPoint","urlTemplate":"https:\/\/betty-bbq.com\/cms\/?s={search_term_string}"},"query-input":{"@type":"PropertyValueSpecification","valueRequired":true,"valueName":"search_term_string"}}],"inLanguage":"de"},{"@type":["Person","Organization"],"@id":"https:\/\/betty-bbq.com\/cms\/#\/schema\/person\/6e6c45463a3cf44a5334be285fffb4b1","name":"Betty BBQ","image":{"@type":"ImageObject","inLanguage":"de","@id":"https:\/\/betty-bbq.com\/cms\/wp-content\/uploads\/2018\/10\/BettyBBQ-Logo.png","url":"https:\/\/betty-bbq.com\/cms\/wp-content\/uploads\/2018\/10\/BettyBBQ-Logo.png","contentUrl":"https:\/\/betty-bbq.com\/cms\/wp-content\/uploads\/2018\/10\/BettyBBQ-Logo.png","width":365,"height":365,"caption":"Betty BBQ"},"logo":{"@id":"https:\/\/betty-bbq.com\/cms\/wp-content\/uploads\/2018\/10\/BettyBBQ-Logo.png"},"sameAs":["http:\/\/www.betty-bbq.de"]}]}},"jetpack_sharing_enabled":true,"_links":{"self":[{"href":"https:\/\/betty-bbq.com\/cms\/wp-json\/wp\/v2\/pages\/750","targetHints":{"allow":["GET"]}}],"collection":[{"href":"https:\/\/betty-bbq.com\/cms\/wp-json\/wp\/v2\/pages"}],"about":[{"href":"https:\/\/betty-bbq.com\/cms\/wp-json\/wp\/v2\/types\/page"}],"author":[{"embeddable":true,"href":"https:\/\/betty-bbq.com\/cms\/wp-json\/wp\/v2\/users\/1"}],"replies":[{"embeddable":true,"href":"https:\/\/betty-bbq.com\/cms\/wp-json\/wp\/v2\/comments?post=750"}],"version-history":[{"count":46,"href":"https:\/\/betty-bbq.com\/cms\/wp-json\/wp\/v2\/pages\/750\/revisions"}],"predecessor-version":[{"id":1905,"href":"https:\/\/betty-bbq.com\/cms\/wp-json\/wp\/v2\/pages\/750\/revisions\/1905"}],"wp:attachment":[{"href":"https:\/\/betty-bbq.com\/cms\/wp-json\/wp\/v2\/media?parent=750"}],"curies":[{"name":"wp","href":"https:\/\/api.w.org\/{rel}","templated":true}]}}